{"id":8,"date":"2025-12-11T11:38:03","date_gmt":"2025-12-11T11:38:03","guid":{"rendered":"https:\/\/theradura-diagnostik.com\/?page_id=8"},"modified":"2026-04-10T00:22:33","modified_gmt":"2026-04-10T00:22:33","slug":"p88","status":"publish","type":"page","link":"https:\/\/theradura-diagnostik.com\/en\/p88\/","title":{"rendered":"P88"},"content":{"rendered":"<div data-elementor-type=\"wp-page\" data-elementor-id=\"8\" class=\"elementor elementor-8\">\n\t\t\t\t<div class=\"elementor-element elementor-element-07ec098 e-flex e-con-boxed elementor-invisible e-con e-parent\" data-id=\"07ec098\" data-element_type=\"container\" data-e-type=\"container\" id=\"hero\" data-settings=\"{&quot;background_background&quot;:&quot;classic&quot;,&quot;animation&quot;:&quot;fadeIn&quot;}\">\n\t\t\t\t\t<div class=\"e-con-inner\">\n\t\t\t\t<div class=\"elementor-element elementor-element-53adeb2 elementor-align-right elementor-widget elementor-widget-button\" data-id=\"53adeb2\" data-element_type=\"widget\" data-e-type=\"widget\" data-settings=\"{&quot;_animation&quot;:&quot;none&quot;}\" data-widget_type=\"button.default\">\n\t\t\t\t\t\t\t\t\t\t<a class=\"elementor-button elementor-button-link elementor-size-sm\" href=\"\/en\/therapeuten-bestellung\/\">\n\t\t\t\t\t\t<span class=\"elementor-button-content-wrapper\">\n\t\t\t\t\t\t\t\t\t<span class=\"elementor-button-text\">order now!<\/span>\n\t\t\t\t\t<\/span>\n\t\t\t\t\t<\/a>\n\t\t\t\t\t\t\t\t<\/div>\n\t\t<div class=\"elementor-element elementor-element-ed78377 e-con-full elementor-hidden-mobile e-flex e-con e-child\" data-id=\"ed78377\" data-element_type=\"container\" data-e-type=\"container\">\n\t\t<div class=\"elementor-element elementor-element-c9fefc9 e-con-full e-flex e-con e-child\" data-id=\"c9fefc9\" data-element_type=\"container\" data-e-type=\"container\">\n\t\t\t\t<div class=\"elementor-element elementor-element-9185a29 elementor-widget__width-auto elementor-widget elementor-widget-heading\" data-id=\"9185a29\" data-element_type=\"widget\" data-e-type=\"widget\" data-widget_type=\"heading.default\">\n\t\t\t\t\t<h1 class=\"elementor-heading-title elementor-size-default\">P88-DIY<\/h1>\t\t\t\t<\/div>\n\t\t\t\t<\/div>\n\t\t<div class=\"elementor-element elementor-element-62aab43 e-con-full e-flex e-con e-child\" data-id=\"62aab43\" data-element_type=\"container\" data-e-type=\"container\">\n\t\t\t\t<div class=\"elementor-element elementor-element-508c6c9 elementor-widget__width-auto elementor-widget elementor-widget-heading\" data-id=\"508c6c9\" data-element_type=\"widget\" data-e-type=\"widget\" data-widget_type=\"heading.default\">\n\t\t\t\t\t<h1 class=\"elementor-heading-title elementor-size-default\">Dietary Allergy AND Sensitivity Testing -\nreliable and convenient<\/h1>\t\t\t\t<\/div>\n\t\t\t\t<\/div>\n\t\t\t\t<\/div>\n\t\t\t\t\t<\/div>\n\t\t\t\t<\/div>\n\t\t<div class=\"elementor-element elementor-element-57c7083 elementor-hidden-desktop elementor-hidden-tablet e-flex e-con-boxed e-con e-parent\" data-id=\"57c7083\" data-element_type=\"container\" data-e-type=\"container\">\n\t\t\t\t\t<div class=\"e-con-inner\">\n\t\t<div class=\"elementor-element elementor-element-fe4e275 e-con-full e-flex e-con e-child\" data-id=\"fe4e275\" data-element_type=\"container\" data-e-type=\"container\">\n\t\t<div class=\"elementor-element elementor-element-c8de1ac e-con-full e-flex e-con e-child\" data-id=\"c8de1ac\" data-element_type=\"container\" data-e-type=\"container\">\n\t\t\t\t<div class=\"elementor-element elementor-element-f93e0a2 elementor-widget__width-auto elementor-widget elementor-widget-heading\" data-id=\"f93e0a2\" data-element_type=\"widget\" data-e-type=\"widget\" data-widget_type=\"heading.default\">\n\t\t\t\t\t<h1 class=\"elementor-heading-title elementor-size-default\">P88-DIY<\/h1>\t\t\t\t<\/div>\n\t\t\t\t<\/div>\n\t\t<div class=\"elementor-element elementor-element-36c8209 e-con-full e-flex e-con e-child\" data-id=\"36c8209\" data-element_type=\"container\" data-e-type=\"container\">\n\t\t\t\t<div class=\"elementor-element elementor-element-8bc1b12 elementor-widget__width-auto elementor-widget-mobile__width-inherit elementor-widget elementor-widget-heading\" data-id=\"8bc1b12\" data-element_type=\"widget\" data-e-type=\"widget\" data-widget_type=\"heading.default\">\n\t\t\t\t\t<h1 class=\"elementor-heading-title elementor-size-default\">Dietary Allergy AND Sensitivity Testing -\nreliable and convenient<\/h1>\t\t\t\t<\/div>\n\t\t\t\t<\/div>\n\t\t\t\t<\/div>\n\t\t\t\t\t<\/div>\n\t\t\t\t<\/div>\n\t\t<div class=\"elementor-element elementor-element-31abf7b e-flex e-con-boxed elementor-invisible e-con e-parent\" data-id=\"31abf7b\" data-element_type=\"container\" data-e-type=\"container\" data-settings=\"{&quot;background_background&quot;:&quot;classic&quot;,&quot;animation&quot;:&quot;fadeIn&quot;}\">\n\t\t\t\t\t<div class=\"e-con-inner\">\n\t\t<div class=\"elementor-element elementor-element-a3ad0e6 e-con-full e-flex e-con e-child\" data-id=\"a3ad0e6\" data-element_type=\"container\" data-e-type=\"container\">\n\t\t\t\t<div class=\"elementor-element elementor-element-efe223b elementor-widget elementor-widget-heading\" data-id=\"efe223b\" data-element_type=\"widget\" data-e-type=\"widget\" data-widget_type=\"heading.default\">\n\t\t\t\t\t<h2 class=\"elementor-heading-title elementor-size-default\">Dietery Allergy AND Sensitivity Testing \u2013 <br>reliable and convenient<\/br>\n\n<\/h2>\t\t\t\t<\/div>\n\t\t\t\t<div class=\"elementor-element elementor-element-082903b elementor-widget elementor-widget-text-editor\" data-id=\"082903b\" data-element_type=\"widget\" data-e-type=\"widget\" data-widget_type=\"text-editor.default\">\n\t\t\t\t\t\t\t\t\t<p>Unlike other food tests the results of the P88-DIY can give you a true picture of what is going on in the immune system.\u00a0<\/p>\t\t\t\t\t\t\t\t<\/div>\n\t\t\t\t<div class=\"elementor-element elementor-element-5de3016 elementor-widget elementor-widget-heading\" data-id=\"5de3016\" data-element_type=\"widget\" data-e-type=\"widget\" data-widget_type=\"heading.default\">\n\t\t\t\t\t<h3 class=\"elementor-heading-title elementor-size-default\">The <b>P88<\/b> <b>DIY<\/b> is the test that actually works<\/h3>\t\t\t\t<\/div>\n\t\t<div class=\"elementor-element elementor-element-3c5e0b4 e-con-full e-flex e-con e-child\" data-id=\"3c5e0b4\" data-element_type=\"container\" data-e-type=\"container\" data-settings=\"{&quot;background_background&quot;:&quot;classic&quot;}\">\n\t\t\t\t<div class=\"elementor-element elementor-element-817c000 elementor-align-right elementor-mobile-align-center elementor-widget elementor-widget-button\" data-id=\"817c000\" data-element_type=\"widget\" data-e-type=\"widget\" data-widget_type=\"button.default\">\n\t\t\t\t\t\t\t\t\t\t<a class=\"elementor-button elementor-button-link elementor-size-sm\" href=\"\/en\/informationen-p88\/\">\n\t\t\t\t\t\t<span class=\"elementor-button-content-wrapper\">\n\t\t\t\t\t\t\t\t\t<span class=\"elementor-button-text\">more information<\/span>\n\t\t\t\t\t<\/span>\n\t\t\t\t\t<\/a>\n\t\t\t\t\t\t\t\t<\/div>\n\t\t\t\t<div class=\"elementor-element elementor-element-947b936 elementor-align-right elementor-widget elementor-widget-button\" data-id=\"947b936\" data-element_type=\"widget\" data-e-type=\"widget\" data-widget_type=\"button.default\">\n\t\t\t\t\t\t\t\t\t\t<a class=\"elementor-button elementor-button-link elementor-size-sm\" href=\"\/en\/therapeuten-registrierung\/\">\n\t\t\t\t\t\t<span class=\"elementor-button-content-wrapper\">\n\t\t\t\t\t\t\t\t\t<span class=\"elementor-button-text\">register now!<\/span>\n\t\t\t\t\t<\/span>\n\t\t\t\t\t<\/a>\n\t\t\t\t\t\t\t\t<\/div>\n\t\t\t\t<\/div>\n\t\t\t\t<\/div>\n\t\t\t\t\t<\/div>\n\t\t\t\t<\/div>\n\t\t<div class=\"elementor-element elementor-element-1785dac e-flex e-con-boxed elementor-invisible e-con e-parent\" data-id=\"1785dac\" data-element_type=\"container\" data-e-type=\"container\" data-settings=\"{&quot;background_background&quot;:&quot;classic&quot;,&quot;animation&quot;:&quot;fadeInLeft&quot;}\">\n\t\t\t\t\t<div class=\"e-con-inner\">\n\t\t<div class=\"elementor-element elementor-element-9d3ec91 e-con-full e-flex e-con e-child\" data-id=\"9d3ec91\" data-element_type=\"container\" data-e-type=\"container\">\n\t\t\t\t<div class=\"elementor-element elementor-element-961591f elementor-widget elementor-widget-heading\" data-id=\"961591f\" data-element_type=\"widget\" data-e-type=\"widget\" data-widget_type=\"heading.default\">\n\t\t\t\t\t<h2 class=\"elementor-heading-title elementor-size-default\">Complete picture<\/h2>\t\t\t\t<\/div>\n\t\t\t\t<div class=\"elementor-element elementor-element-48b33d4 elementor-widget elementor-widget-text-editor\" data-id=\"48b33d4\" data-element_type=\"widget\" data-e-type=\"widget\" data-widget_type=\"text-editor.default\">\n\t\t\t\t\t\t\t\t\t<p>The P88-DIY looks at FOUR ways the body reacts to 88 foods, not only one reactions like most tests.<br \/>Measuring IgE, IgG4, IgG and Complement (C3d) immune reactions in ONE test leads to a more precise assessment of Food Allergies and Sensitivities.<\/p>\t\t\t\t\t\t\t\t<\/div>\n\t\t\t\t<div class=\"elementor-element elementor-element-47d3168 elementor-widget elementor-widget-heading\" data-id=\"47d3168\" data-element_type=\"widget\" data-e-type=\"widget\" data-widget_type=\"heading.default\">\n\t\t\t\t\t<h3 class=\"elementor-heading-title elementor-size-default\">P88 DIY: FOUR Immune Reactions \u2013 ONE Test<\/h3>\t\t\t\t<\/div>\n\t\t\t\t<\/div>\n\t\t<div class=\"elementor-element elementor-element-2febf8f e-con-full e-flex e-con e-child\" data-id=\"2febf8f\" data-element_type=\"container\" data-e-type=\"container\">\n\t\t\t\t<div class=\"elementor-element elementor-element-b55b029 elementor-widget elementor-widget-image\" data-id=\"b55b029\" data-element_type=\"widget\" data-e-type=\"widget\" data-widget_type=\"image.default\">\n\t\t\t\t\t\t\t\t\t\t\t\t\t\t\t<img fetchpriority=\"high\" decoding=\"async\" width=\"800\" height=\"800\" src=\"https:\/\/theradura-diagnostik.com\/wp-content\/uploads\/2026\/04\/Wurfel-1024x1024.png\" class=\"attachment-large size-large wp-image-1999\" alt=\"\" srcset=\"https:\/\/theradura-diagnostik.com\/wp-content\/uploads\/2026\/04\/Wurfel-1024x1024.png 1024w, https:\/\/theradura-diagnostik.com\/wp-content\/uploads\/2026\/04\/Wurfel-300x300.png 300w, https:\/\/theradura-diagnostik.com\/wp-content\/uploads\/2026\/04\/Wurfel-150x150.png 150w, https:\/\/theradura-diagnostik.com\/wp-content\/uploads\/2026\/04\/Wurfel-768x768.png 768w, https:\/\/theradura-diagnostik.com\/wp-content\/uploads\/2026\/04\/Wurfel-12x12.png 12w, https:\/\/theradura-diagnostik.com\/wp-content\/uploads\/2026\/04\/Wurfel.png 1280w\" sizes=\"(max-width: 800px) 100vw, 800px\" \/>\t\t\t\t\t\t\t\t\t\t\t\t\t\t\t<\/div>\n\t\t\t\t<\/div>\n\t\t\t\t\t<\/div>\n\t\t\t\t<\/div>\n\t\t<div class=\"elementor-element elementor-element-5a560e4 e-flex e-con-boxed elementor-invisible e-con e-parent\" data-id=\"5a560e4\" data-element_type=\"container\" data-e-type=\"container\" data-settings=\"{&quot;animation&quot;:&quot;fadeInRight&quot;}\">\n\t\t\t\t\t<div class=\"e-con-inner\">\n\t\t<div class=\"elementor-element elementor-element-42a7b5b e-con-full elementor-hidden-mobile e-flex e-con e-child\" data-id=\"42a7b5b\" data-element_type=\"container\" data-e-type=\"container\">\n\t\t\t\t<div class=\"elementor-element elementor-element-75e6558 elementor-widget elementor-widget-image\" data-id=\"75e6558\" data-element_type=\"widget\" data-e-type=\"widget\" data-widget_type=\"image.default\">\n\t\t\t\t\t\t\t\t\t\t\t\t\t\t\t<img decoding=\"async\" width=\"500\" height=\"500\" src=\"https:\/\/theradura-diagnostik.com\/wp-content\/uploads\/2026\/04\/Gemini_Generated_Image_lpjs58lpjs58lpjs-removebg-preview.png\" class=\"attachment-large size-large wp-image-2013\" alt=\"\" srcset=\"https:\/\/theradura-diagnostik.com\/wp-content\/uploads\/2026\/04\/Gemini_Generated_Image_lpjs58lpjs58lpjs-removebg-preview.png 500w, https:\/\/theradura-diagnostik.com\/wp-content\/uploads\/2026\/04\/Gemini_Generated_Image_lpjs58lpjs58lpjs-removebg-preview-300x300.png 300w, https:\/\/theradura-diagnostik.com\/wp-content\/uploads\/2026\/04\/Gemini_Generated_Image_lpjs58lpjs58lpjs-removebg-preview-150x150.png 150w, https:\/\/theradura-diagnostik.com\/wp-content\/uploads\/2026\/04\/Gemini_Generated_Image_lpjs58lpjs58lpjs-removebg-preview-12x12.png 12w\" sizes=\"(max-width: 500px) 100vw, 500px\" \/>\t\t\t\t\t\t\t\t\t\t\t\t\t\t\t<\/div>\n\t\t\t\t<\/div>\n\t\t<div class=\"elementor-element elementor-element-3f9acce e-con-full e-flex e-con e-child\" data-id=\"3f9acce\" data-element_type=\"container\" data-e-type=\"container\">\n\t\t\t\t<div class=\"elementor-element elementor-element-b5d480d elementor-widget elementor-widget-heading\" data-id=\"b5d480d\" data-element_type=\"widget\" data-e-type=\"widget\" data-widget_type=\"heading.default\">\n\t\t\t\t\t<h2 class=\"elementor-heading-title elementor-size-default\">IMMUNE Index: Quick overview of most reactive foods.\n<\/h2>\t\t\t\t<\/div>\n\t\t\t\t<div class=\"elementor-element elementor-element-fea62f6 elementor-widget elementor-widget-text-editor\" data-id=\"fea62f6\" data-element_type=\"widget\" data-e-type=\"widget\" data-widget_type=\"text-editor.default\">\n\t\t\t\t\t\t\t\t\t<p>The detailed report includes a list ranking all foods in descending order for the strength of their immune reaction.<\/p>\t\t\t\t\t\t\t\t<\/div>\n\t\t\t\t<div class=\"elementor-element elementor-element-20ed00e elementor-widget elementor-widget-heading\" data-id=\"20ed00e\" data-element_type=\"widget\" data-e-type=\"widget\" data-widget_type=\"heading.default\">\n\t\t\t\t\t<h3 class=\"elementor-heading-title elementor-size-default\">Presented in an easy-to-understand way!<\/h3>\t\t\t\t<\/div>\n\t\t\t\t<\/div>\n\t\t<div class=\"elementor-element elementor-element-ea1c4f0 e-con-full elementor-hidden-desktop elementor-hidden-tablet e-flex e-con e-child\" data-id=\"ea1c4f0\" data-element_type=\"container\" data-e-type=\"container\">\n\t\t\t\t<div class=\"elementor-element elementor-element-3f747b2 elementor-widget elementor-widget-image\" data-id=\"3f747b2\" data-element_type=\"widget\" data-e-type=\"widget\" data-widget_type=\"image.default\">\n\t\t\t\t\t\t\t\t\t\t\t\t\t\t\t<img decoding=\"async\" width=\"500\" height=\"500\" src=\"https:\/\/theradura-diagnostik.com\/wp-content\/uploads\/2026\/04\/Gemini_Generated_Image_lpjs58lpjs58lpjs-removebg-preview.png\" class=\"attachment-large size-large wp-image-2013\" alt=\"\" srcset=\"https:\/\/theradura-diagnostik.com\/wp-content\/uploads\/2026\/04\/Gemini_Generated_Image_lpjs58lpjs58lpjs-removebg-preview.png 500w, https:\/\/theradura-diagnostik.com\/wp-content\/uploads\/2026\/04\/Gemini_Generated_Image_lpjs58lpjs58lpjs-removebg-preview-300x300.png 300w, https:\/\/theradura-diagnostik.com\/wp-content\/uploads\/2026\/04\/Gemini_Generated_Image_lpjs58lpjs58lpjs-removebg-preview-150x150.png 150w, https:\/\/theradura-diagnostik.com\/wp-content\/uploads\/2026\/04\/Gemini_Generated_Image_lpjs58lpjs58lpjs-removebg-preview-12x12.png 12w\" sizes=\"(max-width: 500px) 100vw, 500px\" \/>\t\t\t\t\t\t\t\t\t\t\t\t\t\t\t<\/div>\n\t\t\t\t<\/div>\n\t\t\t\t\t<\/div>\n\t\t\t\t<\/div>\n\t\t<div class=\"elementor-element elementor-element-4a9dad5 e-flex e-con-boxed elementor-invisible e-con e-parent\" data-id=\"4a9dad5\" data-element_type=\"container\" data-e-type=\"container\" data-settings=\"{&quot;background_background&quot;:&quot;classic&quot;,&quot;animation&quot;:&quot;fadeInLeft&quot;}\">\n\t\t\t\t\t<div class=\"e-con-inner\">\n\t\t<div class=\"elementor-element elementor-element-81b0f73 e-con-full e-flex e-con e-child\" data-id=\"81b0f73\" data-element_type=\"container\" data-e-type=\"container\">\n\t\t\t\t<div class=\"elementor-element elementor-element-af08c4a elementor-widget elementor-widget-heading\" data-id=\"af08c4a\" data-element_type=\"widget\" data-e-type=\"widget\" data-widget_type=\"heading.default\">\n\t\t\t\t\t<h2 class=\"elementor-heading-title elementor-size-default\">Get tested from the comfort of your own home<\/h2>\t\t\t\t<\/div>\n\t\t\t\t<div class=\"elementor-element elementor-element-3a1531e elementor-widget elementor-widget-text-editor\" data-id=\"3a1531e\" data-element_type=\"widget\" data-e-type=\"widget\" data-widget_type=\"text-editor.default\">\n\t\t\t\t\t\t\t\t\t<p>The P88 DIY is a Fingerstick-Test:\n\nBlood sample collection can easily be done at home. No need for a phlebotomist!<\/p>\t\t\t\t\t\t\t\t<\/div>\n\t\t\t\t<div class=\"elementor-element elementor-element-1fb11a9 elementor-widget elementor-widget-heading\" data-id=\"1fb11a9\" data-element_type=\"widget\" data-e-type=\"widget\" data-widget_type=\"heading.default\">\n\t\t\t\t\t<h3 class=\"elementor-heading-title elementor-size-default\">P88-DIY Do It Yourself!<\/h3>\t\t\t\t<\/div>\n\t\t\t\t<\/div>\n\t\t<div class=\"elementor-element elementor-element-16e22ac e-con-full e-flex e-con e-child\" data-id=\"16e22ac\" data-element_type=\"container\" data-e-type=\"container\">\n\t\t\t\t<div class=\"elementor-element elementor-element-2d21e8d elementor-widget elementor-widget-image\" data-id=\"2d21e8d\" data-element_type=\"widget\" data-e-type=\"widget\" data-widget_type=\"image.default\">\n\t\t\t\t\t\t\t\t\t\t\t\t\t\t\t<img decoding=\"async\" width=\"500\" height=\"500\" src=\"https:\/\/theradura-diagnostik.com\/wp-content\/uploads\/2026\/04\/Gemini_Generated_Image_4gk1z34gk1z34gk1-removebg-preview.png\" class=\"attachment-large size-large wp-image-2011\" alt=\"\" srcset=\"https:\/\/theradura-diagnostik.com\/wp-content\/uploads\/2026\/04\/Gemini_Generated_Image_4gk1z34gk1z34gk1-removebg-preview.png 500w, https:\/\/theradura-diagnostik.com\/wp-content\/uploads\/2026\/04\/Gemini_Generated_Image_4gk1z34gk1z34gk1-removebg-preview-300x300.png 300w, https:\/\/theradura-diagnostik.com\/wp-content\/uploads\/2026\/04\/Gemini_Generated_Image_4gk1z34gk1z34gk1-removebg-preview-150x150.png 150w, https:\/\/theradura-diagnostik.com\/wp-content\/uploads\/2026\/04\/Gemini_Generated_Image_4gk1z34gk1z34gk1-removebg-preview-12x12.png 12w\" sizes=\"(max-width: 500px) 100vw, 500px\" \/>\t\t\t\t\t\t\t\t\t\t\t\t\t\t\t<\/div>\n\t\t\t\t<\/div>\n\t\t\t\t\t<\/div>\n\t\t\t\t<\/div>\n\t\t<div class=\"elementor-element elementor-element-1bc5a78 e-flex e-con-boxed elementor-invisible e-con e-parent\" data-id=\"1bc5a78\" data-element_type=\"container\" data-e-type=\"container\" data-settings=\"{&quot;animation&quot;:&quot;fadeInRight&quot;,&quot;background_background&quot;:&quot;classic&quot;}\">\n\t\t\t\t\t<div class=\"e-con-inner\">\n\t\t<div class=\"elementor-element elementor-element-ca13775 e-con-full elementor-hidden-mobile e-flex e-con e-child\" data-id=\"ca13775\" data-element_type=\"container\" data-e-type=\"container\">\n\t\t\t\t<div class=\"elementor-element elementor-element-10dd108 elementor-widget elementor-widget-image\" data-id=\"10dd108\" data-element_type=\"widget\" data-e-type=\"widget\" data-widget_type=\"image.default\">\n\t\t\t\t\t\t\t\t\t\t\t\t\t\t\t<img loading=\"lazy\" decoding=\"async\" width=\"500\" height=\"500\" src=\"https:\/\/theradura-diagnostik.com\/wp-content\/uploads\/2026\/04\/Gemini_Generated_Image_3mqkh23mqkh23mqk-removebg-preview.png\" class=\"attachment-1536x1536 size-1536x1536 wp-image-2012\" alt=\"\" srcset=\"https:\/\/theradura-diagnostik.com\/wp-content\/uploads\/2026\/04\/Gemini_Generated_Image_3mqkh23mqkh23mqk-removebg-preview.png 500w, https:\/\/theradura-diagnostik.com\/wp-content\/uploads\/2026\/04\/Gemini_Generated_Image_3mqkh23mqkh23mqk-removebg-preview-300x300.png 300w, https:\/\/theradura-diagnostik.com\/wp-content\/uploads\/2026\/04\/Gemini_Generated_Image_3mqkh23mqkh23mqk-removebg-preview-150x150.png 150w, https:\/\/theradura-diagnostik.com\/wp-content\/uploads\/2026\/04\/Gemini_Generated_Image_3mqkh23mqkh23mqk-removebg-preview-12x12.png 12w\" sizes=\"(max-width: 500px) 100vw, 500px\" \/>\t\t\t\t\t\t\t\t\t\t\t\t\t\t\t<\/div>\n\t\t\t\t<\/div>\n\t\t<div class=\"elementor-element elementor-element-ee72087 e-con-full e-flex e-con e-child\" data-id=\"ee72087\" data-element_type=\"container\" data-e-type=\"container\">\n\t\t\t\t<div class=\"elementor-element elementor-element-6f60f8f elementor-widget elementor-widget-heading\" data-id=\"6f60f8f\" data-element_type=\"widget\" data-e-type=\"widget\" data-widget_type=\"heading.default\">\n\t\t\t\t\t<h2 class=\"elementor-heading-title elementor-size-default\">Complete Test Kit with step-by-step instructions for easy testing<\/h2>\t\t\t\t<\/div>\n\t\t\t\t<div class=\"elementor-element elementor-element-660d97d elementor-widget elementor-widget-text-editor\" data-id=\"660d97d\" data-element_type=\"widget\" data-e-type=\"widget\" data-widget_type=\"text-editor.default\">\n\t\t\t\t\t\t\t\t\t<p>The test kit contains all the items you need for a convenient sample collection at home - from instructions to gauze swabs.\u00a0<\/p>\t\t\t\t\t\t\t\t<\/div>\n\t\t\t\t<div class=\"elementor-element elementor-element-9032205 elementor-widget elementor-widget-heading\" data-id=\"9032205\" data-element_type=\"widget\" data-e-type=\"widget\" data-widget_type=\"heading.default\">\n\t\t\t\t\t<h3 class=\"elementor-heading-title elementor-size-default\">Testing couldn't be easier!<\/h3>\t\t\t\t<\/div>\n\t\t\t\t<div class=\"elementor-element elementor-element-e9d7877 elementor-widget elementor-widget-heading\" data-id=\"e9d7877\" data-element_type=\"widget\" data-e-type=\"widget\" data-widget_type=\"heading.default\">\n\t\t\t\t\t<h4 class=\"elementor-heading-title elementor-size-default\"><a href=\"\/wp-content\/uploads\/2025\/12\/Anleitung-Probennahme-Papier-Final-dt-en-Neu.pdf\" target=\"_blank\"><u>Click here for instructions on sampling<\/u><\/a><\/h4>\t\t\t\t<\/div>\n\t\t\t\t<div class=\"elementor-element elementor-element-280424e elementor-align-right elementor-mobile-align-center elementor-widget elementor-widget-button\" data-id=\"280424e\" data-element_type=\"widget\" data-e-type=\"widget\" data-widget_type=\"button.default\">\n\t\t\t\t\t\t\t\t\t\t<a class=\"elementor-button elementor-button-link elementor-size-sm\" href=\"\/en\/therapeuten-bestellung\/\">\n\t\t\t\t\t\t<span class=\"elementor-button-content-wrapper\">\n\t\t\t\t\t\t\t\t\t<span class=\"elementor-button-text\">ORDER NOW<\/span>\n\t\t\t\t\t<\/span>\n\t\t\t\t\t<\/a>\n\t\t\t\t\t\t\t\t<\/div>\n\t\t\t\t<\/div>\n\t\t<div class=\"elementor-element elementor-element-02d2574 e-con-full elementor-hidden-desktop elementor-hidden-tablet e-flex e-con e-child\" data-id=\"02d2574\" data-element_type=\"container\" data-e-type=\"container\">\n\t\t\t\t<div class=\"elementor-element elementor-element-242ed00 elementor-widget elementor-widget-image\" data-id=\"242ed00\" data-element_type=\"widget\" data-e-type=\"widget\" data-widget_type=\"image.default\">\n\t\t\t\t\t\t\t\t\t\t\t\t\t\t\t<img loading=\"lazy\" decoding=\"async\" width=\"500\" height=\"500\" src=\"https:\/\/theradura-diagnostik.com\/wp-content\/uploads\/2026\/04\/Gemini_Generated_Image_3mqkh23mqkh23mqk-removebg-preview.png\" class=\"attachment-large size-large wp-image-2012\" alt=\"\" srcset=\"https:\/\/theradura-diagnostik.com\/wp-content\/uploads\/2026\/04\/Gemini_Generated_Image_3mqkh23mqkh23mqk-removebg-preview.png 500w, https:\/\/theradura-diagnostik.com\/wp-content\/uploads\/2026\/04\/Gemini_Generated_Image_3mqkh23mqkh23mqk-removebg-preview-300x300.png 300w, https:\/\/theradura-diagnostik.com\/wp-content\/uploads\/2026\/04\/Gemini_Generated_Image_3mqkh23mqkh23mqk-removebg-preview-150x150.png 150w, https:\/\/theradura-diagnostik.com\/wp-content\/uploads\/2026\/04\/Gemini_Generated_Image_3mqkh23mqkh23mqk-removebg-preview-12x12.png 12w\" sizes=\"(max-width: 500px) 100vw, 500px\" \/>\t\t\t\t\t\t\t\t\t\t\t\t\t\t\t<\/div>\n\t\t\t\t<\/div>\n\t\t\t\t\t<\/div>\n\t\t\t\t<\/div>\n\t\t<div class=\"elementor-element elementor-element-753e79f e-flex e-con-boxed e-con e-parent\" data-id=\"753e79f\" data-element_type=\"container\" data-e-type=\"container\">\n\t\t\t\t\t<div class=\"e-con-inner\">\n\t\t\t\t<div class=\"elementor-element elementor-element-77db417 elementor-view-stacked elementor-shape-rounded elementor-fixed scrollToTop elementor-invisible elementor-widget elementor-widget-icon\" data-id=\"77db417\" data-element_type=\"widget\" data-e-type=\"widget\" data-settings=\"{&quot;_position&quot;:&quot;fixed&quot;,&quot;_animation&quot;:&quot;fadeIn&quot;,&quot;_animation_delay&quot;:3000}\" data-widget_type=\"icon.default\">\n\t\t\t\t\t\t\t<div class=\"elementor-icon-wrapper\">\n\t\t\t<a class=\"elementor-icon\" href=\"#hero\">\n\t\t\t<svg aria-hidden=\"true\" class=\"e-font-icon-svg e-fas-arrow-up\" viewbox=\"0 0 448 512\" xmlns=\"http:\/\/www.w3.org\/2000\/svg\"><path d=\"M34.9 289.5l-22.2-22.2c-9.4-9.4-9.4-24.6 0-33.9L207 39c9.4-9.4 24.6-9.4 33.9 0l194.3 194.3c9.4 9.4 9.4 24.6 0 33.9L413 289.4c-9.5 9.5-25 9.3-34.3-.4L264 168.6V456c0 13.3-10.7 24-24 24h-32c-13.3 0-24-10.7-24-24V168.6L69.2 289.1c-9.3 9.8-24.8 10-34.3.4z\"><\/path><\/svg>\t\t\t<\/a>\n\t\t<\/div>\n\t\t\t\t\t\t<\/div>\n\t\t\t\t\t<\/div>\n\t\t\t\t<\/div>\n\t\t\t\t<\/div>","protected":false},"excerpt":{"rendered":"<p>jetzt bestellen! P88-DIY Der Lebensmittel-Allergietest, der wirklich funktioniert P88-DIY Der Lebensmittel-Allergietest, der wirklich funktioniert Lebensmittel-Allergien und -Sensitivit\u00e4ten schnell und zuverl\u00e4ssig ermitteln Es gibt viele Tests auf Lebensmittel-Sensitivit\u00e4ten und Lebensmittel-Allergien. Viele erbringen ein Ergebnis, aber keiner zeigt das vollst\u00e4ndige Bild.\u00a0 Der P88 DIY ist der Test, der wirklich funktioniert. Mehr Informationen als Therapeut registrieren Vollst\u00e4ndiges Gesamtbild [&hellip;]<\/p>\n","protected":false},"author":1,"featured_media":0,"parent":0,"menu_order":0,"comment_status":"closed","ping_status":"closed","template":"","meta":{"footnotes":""},"class_list":["post-8","page","type-page","status-publish","hentry"],"_links":{"self":[{"href":"https:\/\/theradura-diagnostik.com\/en\/wp-json\/wp\/v2\/pages\/8","targetHints":{"allow":["GET"]}}],"collection":[{"href":"https:\/\/theradura-diagnostik.com\/en\/wp-json\/wp\/v2\/pages"}],"about":[{"href":"https:\/\/theradura-diagnostik.com\/en\/wp-json\/wp\/v2\/types\/page"}],"author":[{"embeddable":true,"href":"https:\/\/theradura-diagnostik.com\/en\/wp-json\/wp\/v2\/users\/1"}],"replies":[{"embeddable":true,"href":"https:\/\/theradura-diagnostik.com\/en\/wp-json\/wp\/v2\/comments?post=8"}],"version-history":[{"count":369,"href":"https:\/\/theradura-diagnostik.com\/en\/wp-json\/wp\/v2\/pages\/8\/revisions"}],"predecessor-version":[{"id":2182,"href":"https:\/\/theradura-diagnostik.com\/en\/wp-json\/wp\/v2\/pages\/8\/revisions\/2182"}],"wp:attachment":[{"href":"https:\/\/theradura-diagnostik.com\/en\/wp-json\/wp\/v2\/media?parent=8"}],"curies":[{"name":"wp","href":"https:\/\/api.w.org\/{rel}","templated":true}]}}