{"id":305,"date":"2025-12-13T11:25:56","date_gmt":"2025-12-13T11:25:56","guid":{"rendered":"https:\/\/theradura-diagnostik.com\/?page_id=305"},"modified":"2026-02-11T03:14:24","modified_gmt":"2026-02-11T03:14:24","slug":"therapeuten-registrierung","status":"publish","type":"page","link":"https:\/\/theradura-diagnostik.com\/en\/therapeuten-registrierung\/","title":{"rendered":"Registration"},"content":{"rendered":"<div data-elementor-type=\"wp-page\" data-elementor-id=\"305\" class=\"elementor elementor-305\">\n\t\t\t\t<div class=\"elementor-element elementor-element-4dd1cc2 e-flex e-con-boxed elementor-invisible e-con e-parent\" data-id=\"4dd1cc2\" data-element_type=\"container\" data-e-type=\"container\" data-settings=\"{&quot;animation&quot;:&quot;fadeIn&quot;}\">\n\t\t\t\t\t<div class=\"e-con-inner\">\n\t\t<div class=\"elementor-element elementor-element-2120c97 e-con-full e-flex e-con e-child\" data-id=\"2120c97\" data-element_type=\"container\" data-e-type=\"container\">\n\t\t\t\t<div class=\"elementor-element elementor-element-c444872 elementor-widget elementor-widget-image\" data-id=\"c444872\" data-element_type=\"widget\" data-e-type=\"widget\" data-widget_type=\"image.default\">\n\t\t\t\t\t\t\t\t\t\t\t\t\t\t\t<img fetchpriority=\"high\" decoding=\"async\" width=\"500\" height=\"500\" src=\"https:\/\/theradura-diagnostik.com\/wp-content\/uploads\/2025\/12\/image-1036.gif\" class=\"attachment-large size-large wp-image-307\" alt=\"\" \/>\t\t\t\t\t\t\t\t\t\t\t\t\t\t\t<\/div>\n\t\t\t\t<\/div>\n\t\t<div class=\"elementor-element elementor-element-a0ebd8c e-con-full e-flex e-con e-child\" data-id=\"a0ebd8c\" data-element_type=\"container\" data-e-type=\"container\">\n\t\t\t\t<div class=\"elementor-element elementor-element-79d34b9 elementor-widget elementor-widget-heading\" data-id=\"79d34b9\" data-element_type=\"widget\" data-e-type=\"widget\" data-widget_type=\"heading.default\">\n\t\t\t\t\t<h2 class=\"elementor-heading-title elementor-size-default\">Welcome to theradura diagnostik!<\/h2>\t\t\t\t<\/div>\n\t\t\t\t<div class=\"elementor-element elementor-element-2eb470f elementor-widget elementor-widget-text-editor\" data-id=\"2eb470f\" data-element_type=\"widget\" data-e-type=\"widget\" data-widget_type=\"text-editor.default\">\n\t\t\t\t\t\t\t\t\t<p style=\"font-size: 16px; box-sizing: inherit; margin: 0px 0px 1rem; padding: 0px; line-height: 1.6; text-rendering: optimizelegibility; font-family: quicksand, sans-serif;\">Are you a clinician, naturopath, nutritionist or other health profession in which you accompany patients\/clients in a curative or preventive manner? Then you can register here.<br \/>We will review your registration as soon as possible. After receiving a customer number, you can order test kits.<\/p>\t\t\t\t\t\t\t\t<\/div>\n\t\t\t\t<\/div>\n\t\t\t\t\t<\/div>\n\t\t\t\t<\/div>\n\t\t<div class=\"elementor-element elementor-element-6b85d66 e-flex e-con-boxed elementor-invisible e-con e-parent\" data-id=\"6b85d66\" data-element_type=\"container\" data-e-type=\"container\" data-settings=\"{&quot;background_background&quot;:&quot;classic&quot;,&quot;animation&quot;:&quot;fadeIn&quot;}\">\n\t\t\t\t\t<div class=\"e-con-inner\">\n\t\t\t\t<div class=\"elementor-element elementor-element-443ffed elementor-widget elementor-widget-heading\" data-id=\"443ffed\" data-element_type=\"widget\" data-e-type=\"widget\" data-widget_type=\"heading.default\">\n\t\t\t\t\t<h2 class=\"elementor-heading-title elementor-size-default\">Register as clinican \/ health care provider<\/h2>\t\t\t\t<\/div>\n\t\t\t\t<div class=\"elementor-element elementor-element-961682c elementor-widget elementor-widget-text-editor\" data-id=\"961682c\" data-element_type=\"widget\" data-e-type=\"widget\" data-widget_type=\"text-editor.default\">\n\t\t\t\t\t\t\t\t\t<p>As a clinician or health care provider you can register with theradura here. Please fill out the form completely. After vericifation of your application we will get back to you as soon as possible.<\/p>\t\t\t\t\t\t\t\t<\/div>\n\t\t\t\t<div class=\"elementor-element elementor-element-d2d5794 elementor-widget elementor-widget-shortcode\" data-id=\"d2d5794\" data-element_type=\"widget\" data-e-type=\"widget\" data-widget_type=\"shortcode.default\">\n\t\t\t\t\t\t\t<div class=\"elementor-shortcode\"><div class=\"forminator-ui forminator-custom-form forminator-custom-form-304 forminator-design--default  forminator_ajax\" data-forminator-render=\"0\" data-form=\"forminator-module-304\" data-uid=\"69d99c9dbd0bc\"><br\/><\/div><form\n\t\t\t\tid=\"forminator-module-304\"\n\t\t\t\tclass=\"forminator-ui forminator-custom-form forminator-custom-form-304 forminator-design--default  forminator_ajax\"\n\t\t\t\tmethod=\"post\"\n\t\t\t\tdata-forminator-render=\"0\"\n\t\t\t\tdata-form-id=\"304\"\n\t\t\t\t data-color-option=\"theme\" data-design=\"default\" data-grid=\"open\" style=\"display: none;\"\n\t\t\t\tdata-uid=\"69d99c9dbd0bc\" action=\"\"\n\t\t\t><div role=\"alert\" aria-live=\"polite\" class=\"forminator-response-message forminator-error\" aria-hidden=\"true\"><\/div><div class=\"forminator-row\"><div id=\"select-1\" class=\"forminator-field-select forminator-col forminator-col-3\"><div class=\"forminator-field\"><label for=\"forminator-form-304__field--select-1_69d99c9dbd0bc\" id=\"forminator-form-304__field--select-1_69d99c9dbd0bc-label\" class=\"forminator-label\">salutation<\/label><select  id=\"forminator-form-304__field--select-1_69d99c9dbd0bc\" class=\"forminator-select--field forminator-select2 forminator-select2-multiple\" data-required=\"\" name=\"select-1\" data-default-value=\"\" data-hidden-behavior=\"zero\" data-placeholder=\"\" data-search=\"false\" data-search-placeholder=\"\" data-checkbox=\"false\" data-allow-clear=\"false\" aria-labelledby=\"forminator-form-304__field--select-1_69d99c9dbd0bc-label\"><option value=\"one\"  data-calculation=\"0\">Mr<\/option><option value=\"two\"  data-calculation=\"0\">Ms\/Mrs<\/option><option value=\"Keine-Angabe\"  data-calculation=\"0\">not specified<\/option><\/select><\/div><\/div><div id=\"text-1\" class=\"forminator-field-text forminator-col forminator-col-3\"><div class=\"forminator-field\"><label for=\"forminator-field-text-1_69d99c9dbd0bc\" id=\"forminator-field-text-1_69d99c9dbd0bc-label\" class=\"forminator-label\">Title<\/label><input type=\"text\" name=\"text-1\" value=\"\" placeholder=\"\" id=\"forminator-field-text-1_69d99c9dbd0bc\" class=\"forminator-input forminator-name--field\" data-required=\"\" \/><\/div><\/div><div id=\"name-1\" class=\"forminator-field-name forminator-col forminator-col-3\"><div class=\"forminator-field\"><label for=\"forminator-field-name-1_69d99c9dbd0bc\" id=\"forminator-field-name-1_69d99c9dbd0bc-label\" class=\"forminator-label\">First Name<\/label><input type=\"text\" name=\"name-1\" value=\"\" placeholder=\"\" id=\"forminator-field-name-1_69d99c9dbd0bc\" class=\"forminator-input forminator-name--field\" aria-required=\"false\" autocomplete=\"name\" \/><\/div><\/div><div id=\"name-2\" class=\"forminator-field-name forminator-col forminator-col-3\"><div class=\"forminator-field\"><label for=\"forminator-field-name-2_69d99c9dbd0bc\" id=\"forminator-field-name-2_69d99c9dbd0bc-label\" class=\"forminator-label\">Last Name<\/label><input type=\"text\" name=\"name-2\" value=\"\" placeholder=\"\" id=\"forminator-field-name-2_69d99c9dbd0bc\" class=\"forminator-input forminator-name--field\" aria-required=\"false\" autocomplete=\"name\" \/><\/div><\/div><\/div><div class=\"forminator-row\"><div id=\"text-2\" class=\"forminator-field-text forminator-col forminator-col-6\"><div class=\"forminator-field\"><label for=\"forminator-field-text-2_69d99c9dbd0bc\" id=\"forminator-field-text-2_69d99c9dbd0bc-label\" class=\"forminator-label\">profession<\/label><input type=\"text\" name=\"text-2\" value=\"\" placeholder=\"\" id=\"forminator-field-text-2_69d99c9dbd0bc\" class=\"forminator-input forminator-name--field\" data-required=\"\" \/><\/div><\/div><div id=\"text-3\" class=\"forminator-field-text forminator-col forminator-col-6\"><div class=\"forminator-field\"><label for=\"forminator-field-text-3_69d99c9dbd0bc\" id=\"forminator-field-text-3_69d99c9dbd0bc-label\" class=\"forminator-label\">company<\/label><input type=\"text\" name=\"text-3\" value=\"\" placeholder=\"\" id=\"forminator-field-text-3_69d99c9dbd0bc\" class=\"forminator-input forminator-name--field\" data-required=\"\" \/><\/div><\/div><\/div><div class=\"forminator-row\"><div id=\"text-4\" class=\"forminator-field-text forminator-col forminator-col-3\"><div class=\"forminator-field\"><label for=\"forminator-field-text-4_69d99c9dbd0bc\" id=\"forminator-field-text-4_69d99c9dbd0bc-label\" class=\"forminator-label\">street address and number<\/label><input type=\"text\" name=\"text-4\" value=\"\" placeholder=\"\" id=\"forminator-field-text-4_69d99c9dbd0bc\" class=\"forminator-input forminator-name--field\" data-required=\"\" \/><\/div><\/div><div id=\"text-5\" class=\"forminator-field-text forminator-col forminator-col-3\"><div class=\"forminator-field\"><label for=\"forminator-field-text-5_69d99c9dbd0bc\" id=\"forminator-field-text-5_69d99c9dbd0bc-label\" class=\"forminator-label\">zip code<\/label><input type=\"text\" name=\"text-5\" value=\"\" placeholder=\"\" id=\"forminator-field-text-5_69d99c9dbd0bc\" class=\"forminator-input forminator-name--field\" data-required=\"\" \/><\/div><\/div><div id=\"text-6\" class=\"forminator-field-text forminator-col forminator-col-3\"><div class=\"forminator-field\"><label for=\"forminator-field-text-6_69d99c9dbd0bc\" id=\"forminator-field-text-6_69d99c9dbd0bc-label\" class=\"forminator-label\">city<\/label><input type=\"text\" name=\"text-6\" value=\"\" placeholder=\"\" id=\"forminator-field-text-6_69d99c9dbd0bc\" class=\"forminator-input forminator-name--field\" data-required=\"\" \/><\/div><\/div><div id=\"text-7\" class=\"forminator-field-text forminator-col forminator-col-3\"><div class=\"forminator-field\"><label for=\"forminator-field-text-7_69d99c9dbd0bc\" id=\"forminator-field-text-7_69d99c9dbd0bc-label\" class=\"forminator-label\">country<\/label><input type=\"text\" name=\"text-7\" value=\"\" placeholder=\"\" id=\"forminator-field-text-7_69d99c9dbd0bc\" class=\"forminator-input forminator-name--field\" data-required=\"\" \/><\/div><\/div><\/div><div class=\"forminator-row\"><div id=\"email-1\" class=\"forminator-field-email forminator-col forminator-col-6\"><div class=\"forminator-field\"><label for=\"forminator-field-email-1_69d99c9dbd0bc\" id=\"forminator-field-email-1_69d99c9dbd0bc-label\" class=\"forminator-label\">your e-mail address<\/label><input type=\"email\" name=\"email-1\" value=\"\" placeholder=\"\" id=\"forminator-field-email-1_69d99c9dbd0bc\" class=\"forminator-input forminator-email--field\" data-required=\"\" aria-required=\"false\" autocomplete=\"email\" \/><\/div><\/div><div id=\"phone-1\" class=\"forminator-field-phone forminator-col forminator-col-6\"><div class=\"forminator-field\"><label for=\"forminator-field-phone-1_69d99c9dbd0bc\" id=\"forminator-field-phone-1_69d99c9dbd0bc-label\" class=\"forminator-label\">your phone number<\/label><input type=\"text\" name=\"phone-1\" value=\"\" placeholder=\"\" id=\"forminator-field-phone-1_69d99c9dbd0bc\" class=\"forminator-input forminator-field--phone\" data-required=\"\" aria-required=\"false\" autocomplete=\"off\" \/><\/div><\/div><\/div><div class=\"forminator-row\"><div id=\"radio-1\" class=\"forminator-field-radio forminator-col forminator-col-12\"><div role=\"radiogroup\" class=\"forminator-field\" aria-labelledby=\"forminator-radiogroup-radio-1-69d99c9dbd0bc-label\"><span id=\"forminator-radiogroup-radio-1-69d99c9dbd0bc-label\" class=\"forminator-label\">Bitte senden Sie mir in meine Praxis die Probennahme-Utensilien f\u00fcr: <span class=\"forminator-required\">*<\/span><\/span><label id=\"forminator-field-radio-1-label-1\" for=\"forminator-field-radio-1-1-69d99c9dbd0bc\" class=\"forminator-radio\" title=\"P88 DIY\"><input type=\"radio\" name=\"radio-1\" value=\"one\" id=\"forminator-field-radio-1-1-69d99c9dbd0bc\" aria-labelledby=\"forminator-field-radio-1-label-1\" data-calculation=\"0\"   data-hidden-behavior=\"zero\"\/><span class=\"forminator-radio-bullet\" aria-hidden=\"true\"><\/span><span class=\"forminator-radio-label\">P88 DIY<\/span><\/label><label id=\"forminator-field-radio-1-label-2\" for=\"forminator-field-radio-1-2-69d99c9dbd0bc\" class=\"forminator-radio\" title=\"P136 DIY\"><input type=\"radio\" name=\"radio-1\" value=\"two\" id=\"forminator-field-radio-1-2-69d99c9dbd0bc\" aria-labelledby=\"forminator-field-radio-1-label-2\" data-calculation=\"0\"   data-hidden-behavior=\"zero\"\/><span class=\"forminator-radio-bullet\" aria-hidden=\"true\"><\/span><span class=\"forminator-radio-label\">P136 DIY<\/span><\/label><label id=\"forminator-field-radio-1-label-3\" for=\"forminator-field-radio-1-3-69d99c9dbd0bc\" class=\"forminator-radio\" title=\"GutOx Stress Test\"><input type=\"radio\" name=\"radio-1\" value=\"GutOx-Stresstest\" id=\"forminator-field-radio-1-3-69d99c9dbd0bc\" aria-labelledby=\"forminator-field-radio-1-label-3\" data-calculation=\"0\"   data-hidden-behavior=\"zero\"\/><span class=\"forminator-radio-bullet\" aria-hidden=\"true\"><\/span><span class=\"forminator-radio-label\">GutOx Stress Test<\/span><\/label><label id=\"forminator-field-radio-1-label-4\" for=\"forminator-field-radio-1-4-69d99c9dbd0bc\" class=\"forminator-radio\" title=\"Kombi-Set f\u00fcr P88 DIY und GutOx Stresstest\"><input type=\"radio\" name=\"radio-1\" value=\"Kombi-Set-f\u00fcr-P88-DIY-und-GutOx-Stresstest\" id=\"forminator-field-radio-1-4-69d99c9dbd0bc\" aria-labelledby=\"forminator-field-radio-1-label-4\" data-calculation=\"0\"   data-hidden-behavior=\"zero\"\/><span class=\"forminator-radio-bullet\" aria-hidden=\"true\"><\/span><span class=\"forminator-radio-label\">Kombi-Set f\u00fcr P88 DIY und GutOx Stresstest<\/span><\/label><label id=\"forminator-field-radio-1-label-5\" for=\"forminator-field-radio-1-5-69d99c9dbd0bc\" class=\"forminator-radio\" title=\"Kombi-Set f\u00fcr P136 DIY und GutOx Stresstest\"><input type=\"radio\" name=\"radio-1\" value=\"Kombi-Set-f\u00fcr-P136-DIY-und-GutOx-Stresstest\" id=\"forminator-field-radio-1-5-69d99c9dbd0bc\" aria-labelledby=\"forminator-field-radio-1-label-5\" data-calculation=\"0\"   data-hidden-behavior=\"zero\"\/><span class=\"forminator-radio-bullet\" aria-hidden=\"true\"><\/span><span class=\"forminator-radio-label\">Kombi-Set f\u00fcr P136 DIY und GutOx Stresstest<\/span><\/label><\/div><\/div><\/div><div class=\"forminator-row\"><div id=\"html-1\" class=\"forminator-field-html forminator-col forminator-col-12\"><div class=\"forminator-field forminator-merge-tags\" data-field=\"html-1\"><p><a href=\"\/wp-content\/uploads\/2026\/04\/Preisliste.pdf\">Hier klicken f\u00fcr die Preisliste<\/a><\/p><\/div><\/div><\/div><div class=\"forminator-row\"><div id=\"textarea-1\" class=\"forminator-field-textarea forminator-col forminator-col-12\"><div class=\"forminator-field\"><label for=\"forminator-field-textarea-1_69d99c9dbd0bc\" id=\"forminator-field-textarea-1_69d99c9dbd0bc-label\" class=\"forminator-label\">comments or questions<\/label><textarea name=\"textarea-1\" placeholder=\"\" id=\"forminator-field-textarea-1_69d99c9dbd0bc\" class=\"forminator-textarea\" rows=\"6\" style=\"min-height:140px;\" ><\/textarea><\/div><\/div><\/div><div class=\"forminator-row\"><div id=\"consent-2\" class=\"forminator-field-consent forminator-col forminator-col-12  link\"><div class=\"forminator-field\"><div class=\"forminator-checkbox__wrapper\"><label id=\"forminator-field-consent-2_69d99c9dbd0bc__label\" class=\"forminator-checkbox forminator-consent\" aria-labelledby=\"forminator-field-consent-2_69d99c9dbd0bc-label\"><input type=\"checkbox\" name=\"consent-2\" id=\"forminator-field-consent-2_69d99c9dbd0bc\" value=\"checked\" aria-labelledby=\"forminator-field-consent-2_69d99c9dbd0bc-label\" aria-describedby=\"forminator-field-consent-2_69d99c9dbd0bc__description\" data-required=\"true\" aria-required=\"true\" \/><span class=\"forminator-checkbox-box\" aria-hidden=\"true\"><\/span><\/label><div id=\"forminator-field-consent-2_69d99c9dbd0bc__description\" class=\"forminator-checkbox__label forminator-consent__label\"><p class=\"translation-block\">I consent to the transmission and saving of my data for purchasing purposes. I have understood that I can withdraw this consent via e-mail or mail. I have read and consented to the <a href=\"\/en\/datenschutz\/\" target=\"_self\">privacy policy<\/a>.<\/p><\/div><\/div><\/div><\/div><\/div><div class=\"forminator-row forminator-hidden\"><div id=\"hidden-1\" class=\"forminator-field-hidden  forminator-col-12\"><input type=\"hidden\" id=\"hidden-1_69d99c9dbd0bc\" name=\"hidden-1\" value=\"https:\/\/theradura-diagnostik.com\/en\/therapeuten-registrierung\/\" \/><\/div><\/div><input type=\"hidden\" name=\"referer_url\" value=\"\" \/><div class=\"forminator-row forminator-row-last\"><div class=\"forminator-col\"><div class=\"forminator-field\"><button class=\"forminator-button forminator-button-submit\">Submit registration request<\/button><\/div><\/div><\/div><input type=\"hidden\" id=\"forminator_nonce\" name=\"forminator_nonce\" value=\"e57d861a5b\" \/><input type=\"hidden\" name=\"_wp_http_referer\" value=\"\/en\/wp-json\/wp\/v2\/pages\/305\" \/><input type=\"hidden\" name=\"form_id\" value=\"304\"><input type=\"hidden\" name=\"page_id\" value=\"305\"><input type=\"hidden\" name=\"form_type\" value=\"default\"><input type=\"hidden\" name=\"current_url\" value=\"https:\/\/theradura-diagnostik.com\/en\/therapeuten-registrierung\/\"><input type=\"hidden\" name=\"render_id\" value=\"0\"><input type=\"hidden\" name=\"action\" value=\"forminator_submit_form_custom-forms\"><input type=\"hidden\" name=\"trp-form-language\" value=\"en\"\/><\/form><\/div>\n\t\t\t\t\t\t<\/div>\n\t\t\t\t\t<\/div>\n\t\t\t\t<\/div>\n\t\t\t\t<\/div>","protected":false},"excerpt":{"rendered":"<p>Willkommen bei theradura Diagnostik! Sie sind Arzt\/\u00c4rztin, Heilpraktiker:In, Ern\u00e4hrungsberater:In oder in einem anderen Gesundheitsberuf t\u00e4tig, in dem Sie kurativ oder pr\u00e4ventiv Patienten\/Klienten begleiten? Dann k\u00f6nnen Sie sich hier registrieren.Wir \u00fcberpr\u00fcfen Ihre Registrierung schnellstm\u00f6glich. Nach Erteilung einer Kundennummer k\u00f6nnen Sie Testkits bestellen. Registrierung als Therapeut Mit diesem Formular k\u00f6nnen Sie sich bei uns als Therapeut registrieren, [&hellip;]<\/p>\n","protected":false},"author":1,"featured_media":0,"parent":0,"menu_order":0,"comment_status":"closed","ping_status":"closed","template":"","meta":{"footnotes":""},"class_list":["post-305","page","type-page","status-publish","hentry"],"_links":{"self":[{"href":"https:\/\/theradura-diagnostik.com\/en\/wp-json\/wp\/v2\/pages\/305","targetHints":{"allow":["GET"]}}],"collection":[{"href":"https:\/\/theradura-diagnostik.com\/en\/wp-json\/wp\/v2\/pages"}],"about":[{"href":"https:\/\/theradura-diagnostik.com\/en\/wp-json\/wp\/v2\/types\/page"}],"author":[{"embeddable":true,"href":"https:\/\/theradura-diagnostik.com\/en\/wp-json\/wp\/v2\/users\/1"}],"replies":[{"embeddable":true,"href":"https:\/\/theradura-diagnostik.com\/en\/wp-json\/wp\/v2\/comments?post=305"}],"version-history":[{"count":32,"href":"https:\/\/theradura-diagnostik.com\/en\/wp-json\/wp\/v2\/pages\/305\/revisions"}],"predecessor-version":[{"id":1762,"href":"https:\/\/theradura-diagnostik.com\/en\/wp-json\/wp\/v2\/pages\/305\/revisions\/1762"}],"wp:attachment":[{"href":"https:\/\/theradura-diagnostik.com\/en\/wp-json\/wp\/v2\/media?parent=305"}],"curies":[{"name":"wp","href":"https:\/\/api.w.org\/{rel}","templated":true}]}}