{"id":267,"date":"2025-12-12T13:25:35","date_gmt":"2025-12-12T13:25:35","guid":{"rendered":"https:\/\/theradura-diagnostik.com\/?page_id=267"},"modified":"2025-12-12T13:42:50","modified_gmt":"2025-12-12T13:42:50","slug":"impressum","status":"publish","type":"page","link":"https:\/\/theradura-diagnostik.com\/en\/impressum\/","title":{"rendered":"Imprint"},"content":{"rendered":"<div data-elementor-type=\"wp-page\" data-elementor-id=\"267\" class=\"elementor elementor-267\">\n\t\t\t\t<div class=\"elementor-element elementor-element-6efd594 e-flex e-con-boxed e-con e-parent\" data-id=\"6efd594\" data-element_type=\"container\" data-e-type=\"container\" data-settings=\"{&quot;background_background&quot;:&quot;classic&quot;}\">\n\t\t\t\t\t<div class=\"e-con-inner\">\n\t\t<div class=\"elementor-element elementor-element-601745b4 e-con-full e-flex e-con e-child\" data-id=\"601745b4\" data-element_type=\"container\" data-e-type=\"container\">\n\t\t<div class=\"elementor-element elementor-element-13d73c06 e-con-full e-flex e-con e-child\" data-id=\"13d73c06\" data-element_type=\"container\" data-e-type=\"container\">\n\t\t\t\t<div class=\"elementor-element elementor-element-231b2e8a elementor-widget__width-auto elementor-widget elementor-widget-heading\" data-id=\"231b2e8a\" data-element_type=\"widget\" data-e-type=\"widget\" data-widget_type=\"heading.default\">\n\t\t\t\t\t<h1 class=\"elementor-heading-title elementor-size-default\">Imprint<\/h1>\t\t\t\t<\/div>\n\t\t\t\t<\/div>\n\t\t\t\t<\/div>\n\t\t\t\t\t<\/div>\n\t\t\t\t<\/div>\n\t\t<div class=\"elementor-element elementor-element-05a4ed7 e-flex e-con-boxed e-con e-parent\" data-id=\"05a4ed7\" data-element_type=\"container\" data-e-type=\"container\">\n\t\t\t\t\t<div class=\"e-con-inner\">\n\t\t\t\t<div class=\"elementor-element elementor-element-e61d0ca elementor-widget elementor-widget-text-editor\" data-id=\"e61d0ca\" data-element_type=\"widget\" data-e-type=\"widget\" data-widget_type=\"text-editor.default\">\n\t\t\t\t\t\t\t\t\t<p>Cornelia Pikisch<br \/>Theradura Diagnostik<br \/>Rosenweg 3<br \/>75392 Deckenpfronn<\/p><h2>Kontakt<\/h2><p>Telefon: 07056\/9647442<br \/>E-Mail: info@theradura-diagnostik.com<\/p><h2>Umsatzsteuer-ID<\/h2><p>Umsatzsteuer-Identifikationsnummer gem\u00e4\u00df \u00a7 27 a Umsatzsteuergesetz:<br \/>DE330348336<\/p><h2>Aufsichtsbeh\u00f6rde<\/h2><p>Landespr\u00fcfungsamt\/Anerkennungsstelle f\u00fcr Gesundheitsberufe des RP Stuttgart<br \/>Regierungspr\u00e4sidium Stuttgart<br \/>Ref. 95 Landespr\u00fcfungsamt und Anerkennungsstelle f\u00fcr Gesundheitsberufe<br \/>Ruppmannstr. 21<br \/>70565 Stuttgart<br \/>Tel. 0711 904-0<br \/>Fax 0711 904-11190<\/p><p><a href=\"https:\/\/rp.baden-wuerttemberg.de\/rps\/abt9\/ref95\/\" target=\"_blank\" rel=\"noopener noreferrer\">https:\/\/rp.baden-wuerttemberg.de\/rps\/abt9\/ref95\/<\/a><\/p><h2>Berufsbezeichnung und berufsrechtliche Regelungen<\/h2><p>Berufsbezeichnung:<br \/>Fachapothekerin Offizin-Pharmazie<\/p><p>Zust\u00e4ndige Kammer:<br \/>Landesapothekerkammer Baden-W\u00fcrttemberg<br \/>Villastra\u00dfe 1<br \/>70190 Stuttgart<\/p><p>Verliehen in:<br \/>Deutschland<\/p><p>Es gelten folgende berufsrechtliche Regelungen:<\/p><p>Berufsordnung der LAK Baden-W\u00fcrttemberg<br \/>einsehbar unter: <a href=\"https:\/\/www.lak-bw.de\/news-einzelansicht\/artikel\/die-berufsordnung-der-lan.html?cHash=e47f6934b0a618db322b5f073d6aea2d&amp;L=0\" target=\"_blank\" rel=\"noopener noreferrer\">https:\/\/www.lak-bw.de\/news-einzelansicht\/artikel\/die-berufsordnung-der-lan.html?cHash=e47f6934b0a618db322b5f073d6aea2d&amp;L=0<\/a><\/p><h2>Verbraucher\u00adstreit\u00adbeilegung\/Universal\u00adschlichtungs\u00adstelle<\/h2><p>Wir sind nicht bereit oder verpflichtet, an Streitbeilegungsverfahren vor einer Verbraucherschlichtungsstelle teilzunehmen.<\/p>\t\t\t\t\t\t\t\t<\/div>\n\t\t\t\t\t<\/div>\n\t\t\t\t<\/div>\n\t\t\t\t<\/div>","protected":false},"excerpt":{"rendered":"<p>Impressum Cornelia PikischTheradura DiagnostikRosenweg 375392 Deckenpfronn Kontakt Telefon: 07056\/9647442E-Mail: info@theradura-diagnostik.com Umsatzsteuer-ID Umsatzsteuer-Identifikationsnummer gem\u00e4\u00df \u00a7 27 a Umsatzsteuergesetz:DE330348336 Aufsichtsbeh\u00f6rde Landespr\u00fcfungsamt\/Anerkennungsstelle f\u00fcr Gesundheitsberufe des RP StuttgartRegierungspr\u00e4sidium StuttgartRef. 95 Landespr\u00fcfungsamt und Anerkennungsstelle f\u00fcr GesundheitsberufeRuppmannstr. 2170565 StuttgartTel. 0711 904-0Fax 0711 904-11190 https:\/\/rp.baden-wuerttemberg.de\/rps\/abt9\/ref95\/ Berufsbezeichnung und berufsrechtliche Regelungen Berufsbezeichnung:Fachapothekerin Offizin-Pharmazie Zust\u00e4ndige Kammer:Landesapothekerkammer Baden-W\u00fcrttembergVillastra\u00dfe 170190 Stuttgart Verliehen in:Deutschland Es gelten folgende berufsrechtliche [&hellip;]<\/p>\n","protected":false},"author":1,"featured_media":0,"parent":0,"menu_order":0,"comment_status":"closed","ping_status":"closed","template":"","meta":{"footnotes":""},"class_list":["post-267","page","type-page","status-publish","hentry"],"_links":{"self":[{"href":"https:\/\/theradura-diagnostik.com\/en\/wp-json\/wp\/v2\/pages\/267","targetHints":{"allow":["GET"]}}],"collection":[{"href":"https:\/\/theradura-diagnostik.com\/en\/wp-json\/wp\/v2\/pages"}],"about":[{"href":"https:\/\/theradura-diagnostik.com\/en\/wp-json\/wp\/v2\/types\/page"}],"author":[{"embeddable":true,"href":"https:\/\/theradura-diagnostik.com\/en\/wp-json\/wp\/v2\/users\/1"}],"replies":[{"embeddable":true,"href":"https:\/\/theradura-diagnostik.com\/en\/wp-json\/wp\/v2\/comments?post=267"}],"version-history":[{"count":4,"href":"https:\/\/theradura-diagnostik.com\/en\/wp-json\/wp\/v2\/pages\/267\/revisions"}],"predecessor-version":[{"id":273,"href":"https:\/\/theradura-diagnostik.com\/en\/wp-json\/wp\/v2\/pages\/267\/revisions\/273"}],"wp:attachment":[{"href":"https:\/\/theradura-diagnostik.com\/en\/wp-json\/wp\/v2\/media?parent=267"}],"curies":[{"name":"wp","href":"https:\/\/api.w.org\/{rel}","templated":true}]}}