{"id":226,"date":"2025-12-12T12:16:13","date_gmt":"2025-12-12T12:16:13","guid":{"rendered":"https:\/\/theradura-diagnostik.com\/?page_id=226"},"modified":"2026-01-23T22:55:06","modified_gmt":"2026-01-23T22:55:06","slug":"theradura","status":"publish","type":"page","link":"https:\/\/theradura-diagnostik.com\/en\/theradura\/","title":{"rendered":"About theradura"},"content":{"rendered":"<div data-elementor-type=\"wp-page\" data-elementor-id=\"226\" class=\"elementor elementor-226\">\n\t\t\t\t<div class=\"elementor-element elementor-element-5054d14f e-flex e-con-boxed elementor-invisible e-con e-parent\" data-id=\"5054d14f\" data-element_type=\"container\" data-e-type=\"container\" data-settings=\"{&quot;background_background&quot;:&quot;classic&quot;,&quot;animation&quot;:&quot;fadeIn&quot;}\">\n\t\t\t\t\t<div class=\"e-con-inner\">\n\t\t\t\t<div class=\"elementor-element elementor-element-3472235f elementor-align-right elementor-hidden-mobile elementor-widget elementor-widget-button\" data-id=\"3472235f\" data-element_type=\"widget\" data-e-type=\"widget\" data-widget_type=\"button.default\">\n\t\t\t\t\t\t\t\t\t\t<a class=\"elementor-button elementor-button-link elementor-size-sm\" href=\"#\">\n\t\t\t\t\t\t<span class=\"elementor-button-content-wrapper\">\n\t\t\t\t\t\t\t\t\t<span class=\"elementor-button-text\">order now!<\/span>\n\t\t\t\t\t<\/span>\n\t\t\t\t\t<\/a>\n\t\t\t\t\t\t\t\t<\/div>\n\t\t<div class=\"elementor-element elementor-element-38ddce e-con-full elementor-hidden-mobile e-flex e-con e-child\" data-id=\"38ddce\" data-element_type=\"container\" data-e-type=\"container\">\n\t\t<div class=\"elementor-element elementor-element-7dce9d89 e-con-full e-flex e-con e-child\" data-id=\"7dce9d89\" data-element_type=\"container\" data-e-type=\"container\">\n\t\t\t\t<div class=\"elementor-element elementor-element-7eec3406 elementor-widget__width-auto elementor-widget elementor-widget-heading\" data-id=\"7eec3406\" data-element_type=\"widget\" data-e-type=\"widget\" data-widget_type=\"heading.default\">\n\t\t\t\t\t<h1 class=\"elementor-heading-title elementor-size-default\">Who is theradura diagnostik?<\/h1>\t\t\t\t<\/div>\n\t\t\t\t<\/div>\n\t\t\t\t<\/div>\n\t\t\t\t\t<\/div>\n\t\t\t\t<\/div>\n\t\t<div class=\"elementor-element elementor-element-44014e8 e-flex e-con-boxed elementor-invisible e-con e-parent\" data-id=\"44014e8\" data-element_type=\"container\" data-e-type=\"container\" data-settings=\"{&quot;animation&quot;:&quot;fadeInLeft&quot;}\">\n\t\t\t\t\t<div class=\"e-con-inner\">\n\t\t\t\t<div class=\"elementor-element elementor-element-0cb36a1 elementor-hidden-desktop elementor-hidden-tablet elementor-widget elementor-widget-heading\" data-id=\"0cb36a1\" data-element_type=\"widget\" data-e-type=\"widget\" data-widget_type=\"heading.default\">\n\t\t\t\t\t<h2 class=\"elementor-heading-title elementor-size-default\">Who is theradura diagnostik?<\/h2>\t\t\t\t<\/div>\n\t\t<div class=\"elementor-element elementor-element-d3d4441 e-con-full e-flex e-con e-child\" data-id=\"d3d4441\" data-element_type=\"container\" data-e-type=\"container\">\n\t\t\t\t<div class=\"elementor-element elementor-element-d9bbf76 elementor-widget elementor-widget-image\" data-id=\"d9bbf76\" data-element_type=\"widget\" data-e-type=\"widget\" data-widget_type=\"image.default\">\n\t\t\t\t\t\t\t\t\t\t\t\t\t\t\t<img decoding=\"async\" width=\"200\" height=\"133\" src=\"https:\/\/theradura-diagnostik.com\/wp-content\/uploads\/2025\/12\/theradurabild-th.jpg\" class=\"attachment-large size-large wp-image-233\" alt=\"\" \/>\t\t\t\t\t\t\t\t\t\t\t\t\t\t\t<\/div>\n\t\t\t\t<\/div>\n\t\t<div class=\"elementor-element elementor-element-7052c47 e-con-full e-flex e-con e-child\" data-id=\"7052c47\" data-element_type=\"container\" data-e-type=\"container\">\n\t\t\t\t<div class=\"elementor-element elementor-element-70989c7 elementor-widget elementor-widget-heading\" data-id=\"70989c7\" data-element_type=\"widget\" data-e-type=\"widget\" data-widget_type=\"heading.default\">\n\t\t\t\t\t<h3 class=\"elementor-heading-title elementor-size-default\">Cornelia Pikisch<\/h3>\t\t\t\t<\/div>\n\t\t\t\t<div class=\"elementor-element elementor-element-805a09f elementor-widget elementor-widget-heading\" data-id=\"805a09f\" data-element_type=\"widget\" data-e-type=\"widget\" data-widget_type=\"heading.default\">\n\t\t\t\t\t<h5 class=\"elementor-heading-title elementor-size-default\">Pharmacist (Approbation '87 Rheinische Friedrich-Wilhelms-University Bonn)<\/h5>\t\t\t\t<\/div>\n\t\t\t\t<div class=\"elementor-element elementor-element-6667e1f elementor-widget elementor-widget-text-editor\" data-id=\"6667e1f\" data-element_type=\"widget\" data-e-type=\"widget\" data-widget_type=\"text-editor.default\">\n\t\t\t\t\t\t\t\t\t<ul><li>1987-1991 Public Pharmacy Cologne - fulltime\u00a0<\/li><li>1991-1998 Public Pharmacy Fellbach -fulltime\u00a0<\/li><li>1998-2001 USA\u00a0<\/li><li>2001-2009 Parental break (2 Children 2001\/2003)\u00a0<\/li><li>since 2009 Public Pharmacy - part time\u00a0<\/li><\/ul>\t\t\t\t\t\t\t\t<\/div>\n\t\t\t\t<div class=\"elementor-element elementor-element-ba3588a elementor-widget elementor-widget-heading\" data-id=\"ba3588a\" data-element_type=\"widget\" data-e-type=\"widget\" data-widget_type=\"heading.default\">\n\t\t\t\t\t<h5 class=\"elementor-heading-title elementor-size-default\">Specialized pharmacist for Offizin - Pharmacy (Public Pharmacy) \n\n<\/h5>\t\t\t\t<\/div>\n\t\t\t\t<div class=\"elementor-element elementor-element-62f663a elementor-widget elementor-widget-heading\" data-id=\"62f663a\" data-element_type=\"widget\" data-e-type=\"widget\" data-widget_type=\"heading.default\">\n\t\t\t\t\t<h5 class=\"elementor-heading-title elementor-size-default\">Founder of theradura Health and Wellness <\/h5>\t\t\t\t<\/div>\n\t\t\t\t<\/div>\n\t\t\t\t\t<\/div>\n\t\t\t\t<\/div>\n\t\t<div class=\"elementor-element elementor-element-3fbff2c e-flex e-con-boxed e-con e-parent\" data-id=\"3fbff2c\" data-element_type=\"container\" data-e-type=\"container\" data-settings=\"{&quot;background_background&quot;:&quot;classic&quot;}\">\n\t\t\t\t\t<div class=\"e-con-inner\">\n\t\t\t\t<div class=\"elementor-element elementor-element-e914aa6 elementor-widget elementor-widget-heading\" data-id=\"e914aa6\" data-element_type=\"widget\" data-e-type=\"widget\" data-widget_type=\"heading.default\">\n\t\t\t\t\t<h3 class=\"elementor-heading-title elementor-size-default\">Further Education<\/h3>\t\t\t\t<\/div>\n\t\t\t\t<div class=\"elementor-element elementor-element-6e0b9bc elementor-widget elementor-widget-text-editor\" data-id=\"6e0b9bc\" data-element_type=\"widget\" data-e-type=\"widget\" data-widget_type=\"text-editor.default\">\n\t\t\t\t\t\t\t\t\t<ul><li>Consultant for Gut Health IHK<\/li><li>Acadamy for Micronutrient Medicine AMM Uwe Gr\u00f6ber<\/li><li>Micronutrient Coach Promedico<\/li><li>Specialist in Microbiologic Therapy AMT<\/li><li>Dr.Burdette\u2019s Functional Medicine Curriculum<\/li><\/ul>\t\t\t\t\t\t\t\t<\/div>\n\t\t\t\t\t<\/div>\n\t\t\t\t<\/div>\n\t\t<div class=\"elementor-element elementor-element-3bdf2c0 e-flex e-con-boxed elementor-invisible e-con e-parent\" data-id=\"3bdf2c0\" data-element_type=\"container\" data-e-type=\"container\" data-settings=\"{&quot;background_background&quot;:&quot;classic&quot;,&quot;animation&quot;:&quot;fadeInRight&quot;}\">\n\t\t\t\t\t<div class=\"e-con-inner\">\n\t\t\t\t<div class=\"elementor-element elementor-element-624c93d elementor-widget elementor-widget-heading\" data-id=\"624c93d\" data-element_type=\"widget\" data-e-type=\"widget\" data-widget_type=\"heading.default\">\n\t\t\t\t\t<h3 class=\"elementor-heading-title elementor-size-default\">Why theradura-diagnostik?\n<\/h3>\t\t\t\t<\/div>\n\t\t\t\t<div class=\"elementor-element elementor-element-775f5a8 elementor-widget elementor-widget-text-editor\" data-id=\"775f5a8\" data-element_type=\"widget\" data-e-type=\"widget\" data-widget_type=\"text-editor.default\">\n\t\t\t\t\t\t\t\t\t<p class=\"translation-block\">Testing for Food-Allergies and -Sensitivities is a targeted approach to health and wellness. <strong>Most tests just look at one immune reaction to foods<\/strong> - either IgE or IgG or IgG4. To get information about food allergies and sensitivities it would be neceassary to do two or three tests. But every test has different reference ranges and tests different foods. So even if the different tests are performed, the absolute results could not be set into relation.<\/p><p class=\"translation-block\">Dr. Cheryl Burdette, the co-founder of <a id=\"ppd-link\" style=\"color: #72b743\" href=\"https:\/\/precisionpointdiagnostics.com\/\" target=\"_blank\" rel=\"noopener noreferrer\">Precision Point Diagnostics<\/a>, developed the P88 Dietary Antigen Serum Test. <strong>The P88 DAT combines the evaluation of four immune reactions in one single test<\/strong>. Just recently the P88-DIY DAT was launched.  Blood sample collection and shipping is so much easier with this fingerstick test. The specimen is stable for at least 21 days. No need for a phlebotomist and cooled shipping. I wanted to make this unique test available for customers in Europe.<\/p><p>I really wanted to be able to offer this test to my customers.<\/p><p>I'm happy and proud theradura-diagnostik is distributing the Precision Point Diagnostics P88 DIY Dietary Antigen Test in Europe.<\/p>\t\t\t\t\t\t\t\t<\/div>\n\t\t\t\t\t<\/div>\n\t\t\t\t<\/div>\n\t\t\t\t<\/div>","protected":false},"excerpt":{"rendered":"<p>Jetzt bestellen! Wer ist theradura Diagnostik? Wer ist theradura Diagnostik? Cornelia Pikisch Apothekerin (Approbation &#8217;87 Rheinische Friedrich-Wilhelms-Universit\u00e4t Bonn) 1987-1991 Vollzeitstelle in \u00f6ffentlicher Apotheke in K\u00f6ln\u00a0 1991-1998 Vollzeitstelle in \u00f6ffentlicher Apotheke in Fellbach\u00a0 1998-2001 Auslandsaufenthalt USA\u00a0 2001-2009 Erziehungspause (2 Kinder 2001\/2003)\u00a0 seit 2009 nach Einschulung meines 2.Kindes Wiedereinstieg \u00f6ffentliche Apotheke\u00a0 Fachapothekerin f\u00fcr Offizin-Pharmazie Gr\u00fcnderin der theradura [&hellip;]<\/p>\n","protected":false},"author":1,"featured_media":0,"parent":0,"menu_order":0,"comment_status":"closed","ping_status":"closed","template":"","meta":{"footnotes":""},"class_list":["post-226","page","type-page","status-publish","hentry"],"_links":{"self":[{"href":"https:\/\/theradura-diagnostik.com\/en\/wp-json\/wp\/v2\/pages\/226","targetHints":{"allow":["GET"]}}],"collection":[{"href":"https:\/\/theradura-diagnostik.com\/en\/wp-json\/wp\/v2\/pages"}],"about":[{"href":"https:\/\/theradura-diagnostik.com\/en\/wp-json\/wp\/v2\/types\/page"}],"author":[{"embeddable":true,"href":"https:\/\/theradura-diagnostik.com\/en\/wp-json\/wp\/v2\/users\/1"}],"replies":[{"embeddable":true,"href":"https:\/\/theradura-diagnostik.com\/en\/wp-json\/wp\/v2\/comments?post=226"}],"version-history":[{"count":71,"href":"https:\/\/theradura-diagnostik.com\/en\/wp-json\/wp\/v2\/pages\/226\/revisions"}],"predecessor-version":[{"id":1483,"href":"https:\/\/theradura-diagnostik.com\/en\/wp-json\/wp\/v2\/pages\/226\/revisions\/1483"}],"wp:attachment":[{"href":"https:\/\/theradura-diagnostik.com\/en\/wp-json\/wp\/v2\/media?parent=226"}],"curies":[{"name":"wp","href":"https:\/\/api.w.org\/{rel}","templated":true}]}}