{"id":1151,"date":"2026-01-05T15:42:23","date_gmt":"2026-01-05T15:42:23","guid":{"rendered":"https:\/\/theradura-diagnostik.com\/?page_id=1151"},"modified":"2026-04-03T17:04:11","modified_gmt":"2026-04-03T17:04:11","slug":"gutox-stresstest","status":"publish","type":"page","link":"https:\/\/theradura-diagnostik.com\/en\/gutox-stresstest\/","title":{"rendered":"GutOx Stresstest"},"content":{"rendered":"<div data-elementor-type=\"wp-page\" data-elementor-id=\"1151\" class=\"elementor elementor-1151\">\n\t\t\t\t<div class=\"elementor-element elementor-element-22547794 e-flex e-con-boxed elementor-invisible e-con e-parent\" data-id=\"22547794\" data-element_type=\"container\" data-e-type=\"container\" data-settings=\"{&quot;background_background&quot;:&quot;classic&quot;,&quot;animation&quot;:&quot;fadeIn&quot;}\">\n\t\t\t\t\t<div class=\"e-con-inner\">\n\t\t\t\t<div class=\"elementor-element elementor-element-413a2a1b elementor-align-right elementor-widget elementor-widget-button\" data-id=\"413a2a1b\" data-element_type=\"widget\" data-e-type=\"widget\" data-widget_type=\"button.default\">\n\t\t\t\t\t\t\t\t\t\t<a class=\"elementor-button elementor-button-link elementor-size-sm\" href=\"#\">\n\t\t\t\t\t\t<span class=\"elementor-button-content-wrapper\">\n\t\t\t\t\t\t\t\t\t<span class=\"elementor-button-text\">order now!<\/span>\n\t\t\t\t\t<\/span>\n\t\t\t\t\t<\/a>\n\t\t\t\t\t\t\t\t<\/div>\n\t\t<div class=\"elementor-element elementor-element-6c12ec4a e-con-full elementor-hidden-mobile e-flex e-con e-child\" data-id=\"6c12ec4a\" data-element_type=\"container\" data-e-type=\"container\">\n\t\t<div class=\"elementor-element elementor-element-349841e4 e-con-full e-flex e-con e-child\" data-id=\"349841e4\" data-element_type=\"container\" data-e-type=\"container\">\n\t\t\t\t<div class=\"elementor-element elementor-element-5b4ad523 elementor-widget__width-auto elementor-widget elementor-widget-heading\" data-id=\"5b4ad523\" data-element_type=\"widget\" data-e-type=\"widget\" data-widget_type=\"heading.default\">\n\t\t\t\t\t<h1 class=\"elementor-heading-title elementor-size-default\">GutOx Stresstest<\/h1>\t\t\t\t<\/div>\n\t\t\t\t<\/div>\n\t\t<div class=\"elementor-element elementor-element-1e2ac338 e-con-full e-flex e-con e-child\" data-id=\"1e2ac338\" data-element_type=\"container\" data-e-type=\"container\">\n\t\t\t\t<div class=\"elementor-element elementor-element-5829af91 elementor-widget__width-auto elementor-widget elementor-widget-heading\" data-id=\"5829af91\" data-element_type=\"widget\" data-e-type=\"widget\" data-widget_type=\"heading.default\">\n\t\t\t\t\t<h2 class=\"elementor-heading-title elementor-size-default\">Where gut health meets cell protection<\/h2>\t\t\t\t<\/div>\n\t\t\t\t<\/div>\n\t\t\t\t<\/div>\n\t\t\t\t\t<\/div>\n\t\t\t\t<\/div>\n\t\t<div class=\"elementor-element elementor-element-ef14332 elementor-hidden-desktop elementor-hidden-tablet e-flex e-con-boxed e-con e-parent\" data-id=\"ef14332\" data-element_type=\"container\" data-e-type=\"container\">\n\t\t\t\t\t<div class=\"e-con-inner\">\n\t\t<div class=\"elementor-element elementor-element-ca340f5 e-con-full e-flex e-con e-child\" data-id=\"ca340f5\" data-element_type=\"container\" data-e-type=\"container\">\n\t\t<div class=\"elementor-element elementor-element-b292374 e-con-full e-flex e-con e-child\" data-id=\"b292374\" data-element_type=\"container\" data-e-type=\"container\">\n\t\t\t\t<div class=\"elementor-element elementor-element-1bd3733 elementor-widget__width-auto elementor-widget elementor-widget-heading\" data-id=\"1bd3733\" data-element_type=\"widget\" data-e-type=\"widget\" data-widget_type=\"heading.default\">\n\t\t\t\t\t<h1 class=\"elementor-heading-title elementor-size-default\">GutOx Stress Test<\/h1>\t\t\t\t<\/div>\n\t\t\t\t<\/div>\n\t\t<div class=\"elementor-element elementor-element-105cd05 e-con-full e-flex e-con e-child\" data-id=\"105cd05\" data-element_type=\"container\" data-e-type=\"container\">\n\t\t\t\t<div class=\"elementor-element elementor-element-7af671e elementor-widget__width-auto elementor-widget-mobile__width-inherit elementor-widget elementor-widget-heading\" data-id=\"7af671e\" data-element_type=\"widget\" data-e-type=\"widget\" data-widget_type=\"heading.default\">\n\t\t\t\t\t<h1 class=\"elementor-heading-title elementor-size-default\">Where gut health meets cell protection<\/h1>\t\t\t\t<\/div>\n\t\t\t\t<\/div>\n\t\t\t\t<\/div>\n\t\t\t\t\t<\/div>\n\t\t\t\t<\/div>\n\t\t<div class=\"elementor-element elementor-element-4338ac21 e-flex e-con-boxed elementor-invisible e-con e-parent\" data-id=\"4338ac21\" data-element_type=\"container\" data-e-type=\"container\" data-settings=\"{&quot;animation&quot;:&quot;fadeIn&quot;}\">\n\t\t\t\t\t<div class=\"e-con-inner\">\n\t\t<div class=\"elementor-element elementor-element-6247d2dd e-con-full elementor-hidden-mobile e-flex e-con e-child\" data-id=\"6247d2dd\" data-element_type=\"container\" data-e-type=\"container\" data-settings=\"{&quot;background_background&quot;:&quot;classic&quot;}\">\n\t\t\t\t<\/div>\n\t\t<div class=\"elementor-element elementor-element-27d4a53e e-con-full e-flex e-con e-child\" data-id=\"27d4a53e\" data-element_type=\"container\" data-e-type=\"container\">\n\t\t\t\t<div class=\"elementor-element elementor-element-43f1f4bd elementor-widget elementor-widget-heading\" data-id=\"43f1f4bd\" data-element_type=\"widget\" data-e-type=\"widget\" data-widget_type=\"heading.default\">\n\t\t\t\t\t<h2 class=\"elementor-heading-title elementor-size-default\">Oxidativen Stress und Darmbarriere<\/h2>\t\t\t\t<\/div>\n\t\t\t\t<div class=\"elementor-element elementor-element-17e3d885 elementor-widget elementor-widget-heading\" data-id=\"17e3d885\" data-element_type=\"widget\" data-e-type=\"widget\" data-widget_type=\"heading.default\">\n\t\t\t\t\t<h3 class=\"elementor-heading-title elementor-size-default\">Functional testing for complex intestinal stress<\/h3>\t\t\t\t<\/div>\n\t\t\t\t<div class=\"elementor-element elementor-element-ad3eabc elementor-widget elementor-widget-text-editor\" data-id=\"ad3eabc\" data-element_type=\"widget\" data-e-type=\"widget\" data-widget_type=\"text-editor.default\">\n\t\t\t\t\t\t\t\t\t<p>Oxidativer Stress und Darmbarrierest\u00f6rungen k\u00f6nnen\u00a0das Risiko f\u00fcr zahlreiche Erkrankungen erh\u00f6hen. Die Kombination ausgew\u00e4hlter Marker gibt wichtige Hinweise auf erh\u00f6hte Darmpermeabilit\u00e4t, stille Enz\u00fcndungen und das oxidative Gleichgewicht.<\/p>\t\t\t\t\t\t\t\t<\/div>\n\t\t\t\t<div class=\"elementor-element elementor-element-4e9429d1 elementor-widget elementor-widget-heading\" data-id=\"4e9429d1\" data-element_type=\"widget\" data-e-type=\"widget\" data-widget_type=\"heading.default\">\n\t\t\t\t\t<h3 class=\"elementor-heading-title elementor-size-default translation-block\"><b>differentiated<\/b> insights for <b>targeted<\/b> therapeutic decisions.<\/h3>\t\t\t\t<\/div>\n\t\t<div class=\"elementor-element elementor-element-79e00392 e-con-full e-flex e-con e-child\" data-id=\"79e00392\" data-element_type=\"container\" data-e-type=\"container\">\n\t\t\t\t<div class=\"elementor-element elementor-element-7e68de44 elementor-align-right elementor-mobile-align-center elementor-widget elementor-widget-button\" data-id=\"7e68de44\" data-element_type=\"widget\" data-e-type=\"widget\" data-widget_type=\"button.default\">\n\t\t\t\t\t\t\t\t\t\t<a class=\"elementor-button elementor-button-link elementor-size-sm\" href=\"\/en\/informationen-gutox\/\">\n\t\t\t\t\t\t<span class=\"elementor-button-content-wrapper\">\n\t\t\t\t\t\t\t\t\t<span class=\"elementor-button-text\">more information<\/span>\n\t\t\t\t\t<\/span>\n\t\t\t\t\t<\/a>\n\t\t\t\t\t\t\t\t<\/div>\n\t\t\t\t<div class=\"elementor-element elementor-element-70e063b1 elementor-align-right elementor-widget elementor-widget-button\" data-id=\"70e063b1\" data-element_type=\"widget\" data-e-type=\"widget\" data-widget_type=\"button.default\">\n\t\t\t\t\t\t\t\t\t\t<a class=\"elementor-button elementor-button-link elementor-size-sm\" href=\"\/en\/therapeuten-bestellung\/\">\n\t\t\t\t\t\t<span class=\"elementor-button-content-wrapper\">\n\t\t\t\t\t\t\t\t\t<span class=\"elementor-button-text\">order now!<\/span>\n\t\t\t\t\t<\/span>\n\t\t\t\t\t<\/a>\n\t\t\t\t\t\t\t\t<\/div>\n\t\t\t\t<\/div>\n\t\t\t\t<\/div>\n\t\t\t\t\t<\/div>\n\t\t\t\t<\/div>\n\t\t<div class=\"elementor-element elementor-element-f772989 e-flex e-con-boxed elementor-invisible e-con e-parent\" data-id=\"f772989\" data-element_type=\"container\" data-e-type=\"container\" data-settings=\"{&quot;background_background&quot;:&quot;classic&quot;,&quot;animation&quot;:&quot;fadeInLeft&quot;}\">\n\t\t\t\t\t<div class=\"e-con-inner\">\n\t\t<div class=\"elementor-element elementor-element-6837a46 e-con-full e-flex e-con e-child\" data-id=\"6837a46\" data-element_type=\"container\" data-e-type=\"container\">\n\t\t\t\t<div class=\"elementor-element elementor-element-fa91118 elementor-widget elementor-widget-heading\" data-id=\"fa91118\" data-element_type=\"widget\" data-e-type=\"widget\" data-widget_type=\"heading.default\">\n\t\t\t\t\t<h2 class=\"elementor-heading-title elementor-size-default\">Marker Synergy<\/h2>\t\t\t\t<\/div>\n\t\t\t\t<div class=\"elementor-element elementor-element-e514932 elementor-widget elementor-widget-heading\" data-id=\"e514932\" data-element_type=\"widget\" data-e-type=\"widget\" data-widget_type=\"heading.default\">\n\t\t\t\t\t<h3 class=\"elementor-heading-title elementor-size-default\">Rapid insights into cellular stress.<\/h3>\t\t\t\t<\/div>\n\t\t\t\t<div class=\"elementor-element elementor-element-dd2f790 elementor-widget elementor-widget-text-editor\" data-id=\"dd2f790\" data-element_type=\"widget\" data-e-type=\"widget\" data-widget_type=\"text-editor.default\">\n\t\t\t\t\t\t\t\t\t<p>Selected markers reveal mucosal immunity, gut permeability, and endotoxin burden.\nAdditionally, the GutOx Stress Test assesses oxidative stress and the body\u2019s resilience to it<\/p>\t\t\t\t\t\t\t\t<\/div>\n\t\t\t\t<div class=\"elementor-element elementor-element-f8d5bc0 elementor-widget elementor-widget-heading\" data-id=\"f8d5bc0\" data-element_type=\"widget\" data-e-type=\"widget\" data-widget_type=\"heading.default\">\n\t\t\t\t\t<h3 class=\"elementor-heading-title elementor-size-default\">Understand the cause - treat precisely<\/h3>\t\t\t\t<\/div>\n\t\t\t\t<\/div>\n\t\t<div class=\"elementor-element elementor-element-b3c7ac9 e-con-full e-flex e-con e-child\" data-id=\"b3c7ac9\" data-element_type=\"container\" data-e-type=\"container\">\n\t\t\t\t<div class=\"elementor-element elementor-element-b4e44af elementor-widget elementor-widget-image\" data-id=\"b4e44af\" data-element_type=\"widget\" data-e-type=\"widget\" data-widget_type=\"image.default\">\n\t\t\t\t\t\t\t\t\t\t\t\t\t\t\t<img fetchpriority=\"high\" decoding=\"async\" width=\"800\" height=\"800\" src=\"https:\/\/theradura-diagnostik.com\/wp-content\/uploads\/2026\/04\/Welt-1024x1024.png\" class=\"attachment-large size-large wp-image-2003\" alt=\"\" srcset=\"https:\/\/theradura-diagnostik.com\/wp-content\/uploads\/2026\/04\/Welt-1024x1024.png 1024w, https:\/\/theradura-diagnostik.com\/wp-content\/uploads\/2026\/04\/Welt-300x300.png 300w, https:\/\/theradura-diagnostik.com\/wp-content\/uploads\/2026\/04\/Welt-150x150.png 150w, https:\/\/theradura-diagnostik.com\/wp-content\/uploads\/2026\/04\/Welt-768x768.png 768w, https:\/\/theradura-diagnostik.com\/wp-content\/uploads\/2026\/04\/Welt-12x12.png 12w, https:\/\/theradura-diagnostik.com\/wp-content\/uploads\/2026\/04\/Welt.png 1280w\" sizes=\"(max-width: 800px) 100vw, 800px\" \/>\t\t\t\t\t\t\t\t\t\t\t\t\t\t\t<\/div>\n\t\t\t\t<\/div>\n\t\t\t\t\t<\/div>\n\t\t\t\t<\/div>\n\t\t<div class=\"elementor-element elementor-element-c00515b e-flex e-con-boxed elementor-invisible e-con e-parent\" data-id=\"c00515b\" data-element_type=\"container\" data-e-type=\"container\" data-settings=\"{&quot;background_background&quot;:&quot;classic&quot;,&quot;animation&quot;:&quot;fadeInRight&quot;}\">\n\t\t\t\t\t<div class=\"e-con-inner\">\n\t\t<div class=\"elementor-element elementor-element-b71cff4 e-con-full elementor-hidden-mobile e-flex e-con e-child\" data-id=\"b71cff4\" data-element_type=\"container\" data-e-type=\"container\">\n\t\t\t\t<div class=\"elementor-element elementor-element-625ffe8 elementor-widget elementor-widget-image\" data-id=\"625ffe8\" data-element_type=\"widget\" data-e-type=\"widget\" data-widget_type=\"image.default\">\n\t\t\t\t\t\t\t\t\t\t\t\t\t\t\t<img decoding=\"async\" width=\"500\" height=\"500\" src=\"https:\/\/theradura-diagnostik.com\/wp-content\/uploads\/2026\/04\/Gemini_Generated_Image_lpjs58lpjs58lpjs-removebg-preview.png\" class=\"attachment-large size-large wp-image-2013\" alt=\"\" srcset=\"https:\/\/theradura-diagnostik.com\/wp-content\/uploads\/2026\/04\/Gemini_Generated_Image_lpjs58lpjs58lpjs-removebg-preview.png 500w, https:\/\/theradura-diagnostik.com\/wp-content\/uploads\/2026\/04\/Gemini_Generated_Image_lpjs58lpjs58lpjs-removebg-preview-300x300.png 300w, https:\/\/theradura-diagnostik.com\/wp-content\/uploads\/2026\/04\/Gemini_Generated_Image_lpjs58lpjs58lpjs-removebg-preview-150x150.png 150w, https:\/\/theradura-diagnostik.com\/wp-content\/uploads\/2026\/04\/Gemini_Generated_Image_lpjs58lpjs58lpjs-removebg-preview-12x12.png 12w\" sizes=\"(max-width: 500px) 100vw, 500px\" \/>\t\t\t\t\t\t\t\t\t\t\t\t\t\t\t<\/div>\n\t\t\t\t<\/div>\n\t\t<div class=\"elementor-element elementor-element-fe9f3be e-con-full e-flex e-con e-child\" data-id=\"fe9f3be\" data-element_type=\"container\" data-e-type=\"container\">\n\t\t\t\t<div class=\"elementor-element elementor-element-61b9c6b elementor-widget elementor-widget-heading\" data-id=\"61b9c6b\" data-element_type=\"widget\" data-e-type=\"widget\" data-widget_type=\"heading.default\">\n\t\t\t\t\t<h2 class=\"elementor-heading-title elementor-size-default\">Targeted approach to Wellness<\/h2>\t\t\t\t<\/div>\n\t\t\t\t<div class=\"elementor-element elementor-element-f38bd59 elementor-widget elementor-widget-heading\" data-id=\"f38bd59\" data-element_type=\"widget\" data-e-type=\"widget\" data-widget_type=\"heading.default\">\n\t\t\t\t\t<h3 class=\"elementor-heading-title elementor-size-default\">One test. Complete insights.<\/h3>\t\t\t\t<\/div>\n\t\t\t\t<div class=\"elementor-element elementor-element-46b5a48 elementor-widget elementor-widget-text-editor\" data-id=\"46b5a48\" data-element_type=\"widget\" data-e-type=\"widget\" data-widget_type=\"text-editor.default\">\n\t\t\t\t\t\t\t\t\t<p data-path-to-node=\"10\">GutOx combines testing for intestinal permeability, LPS load, mucosal immunity, and oxidative stress to reveal the root causes of gut and systemic issues.<\/p>\t\t\t\t\t\t\t\t<\/div>\n\t\t\t\t<div class=\"elementor-element elementor-element-3beb202 elementor-widget elementor-widget-heading\" data-id=\"3beb202\" data-element_type=\"widget\" data-e-type=\"widget\" data-widget_type=\"heading.default\">\n\t\t\t\t\t<h3 class=\"elementor-heading-title elementor-size-default\">Gut barrier, Silent inflammation, Oxidative stress \u2013 all in one test<\/h3>\t\t\t\t<\/div>\n\t\t\t\t<\/div>\n\t\t<div class=\"elementor-element elementor-element-e288430 e-con-full elementor-hidden-desktop elementor-hidden-tablet e-flex e-con e-child\" data-id=\"e288430\" data-element_type=\"container\" data-e-type=\"container\">\n\t\t\t\t<div class=\"elementor-element elementor-element-a0cbdc0 elementor-widget elementor-widget-image\" data-id=\"a0cbdc0\" data-element_type=\"widget\" data-e-type=\"widget\" data-widget_type=\"image.default\">\n\t\t\t\t\t\t\t\t\t\t\t\t\t\t\t<img decoding=\"async\" width=\"500\" height=\"500\" src=\"https:\/\/theradura-diagnostik.com\/wp-content\/uploads\/2026\/04\/Gemini_Generated_Image_lpjs58lpjs58lpjs-removebg-preview.png\" class=\"attachment-large size-large wp-image-2013\" alt=\"\" srcset=\"https:\/\/theradura-diagnostik.com\/wp-content\/uploads\/2026\/04\/Gemini_Generated_Image_lpjs58lpjs58lpjs-removebg-preview.png 500w, https:\/\/theradura-diagnostik.com\/wp-content\/uploads\/2026\/04\/Gemini_Generated_Image_lpjs58lpjs58lpjs-removebg-preview-300x300.png 300w, https:\/\/theradura-diagnostik.com\/wp-content\/uploads\/2026\/04\/Gemini_Generated_Image_lpjs58lpjs58lpjs-removebg-preview-150x150.png 150w, https:\/\/theradura-diagnostik.com\/wp-content\/uploads\/2026\/04\/Gemini_Generated_Image_lpjs58lpjs58lpjs-removebg-preview-12x12.png 12w\" sizes=\"(max-width: 500px) 100vw, 500px\" \/>\t\t\t\t\t\t\t\t\t\t\t\t\t\t\t<\/div>\n\t\t\t\t<\/div>\n\t\t\t\t\t<\/div>\n\t\t\t\t<\/div>\n\t\t<div class=\"elementor-element elementor-element-0ad2eb2 e-flex e-con-boxed elementor-invisible e-con e-parent\" data-id=\"0ad2eb2\" data-element_type=\"container\" data-e-type=\"container\" data-settings=\"{&quot;background_background&quot;:&quot;classic&quot;,&quot;animation&quot;:&quot;fadeInLeft&quot;}\">\n\t\t\t\t\t<div class=\"e-con-inner\">\n\t\t<div class=\"elementor-element elementor-element-dc70ec3 e-con-full e-flex e-con e-child\" data-id=\"dc70ec3\" data-element_type=\"container\" data-e-type=\"container\">\n\t\t\t\t<div class=\"elementor-element elementor-element-c8e2e2d elementor-widget elementor-widget-heading\" data-id=\"c8e2e2d\" data-element_type=\"widget\" data-e-type=\"widget\" data-widget_type=\"heading.default\">\n\t\t\t\t\t<h2 class=\"elementor-heading-title elementor-size-default\">Flexibility<\/h2>\t\t\t\t<\/div>\n\t\t\t\t<div class=\"elementor-element elementor-element-bfe129a elementor-widget elementor-widget-heading\" data-id=\"bfe129a\" data-element_type=\"widget\" data-e-type=\"widget\" data-widget_type=\"heading.default\">\n\t\t\t\t\t<h3 class=\"elementor-heading-title elementor-size-default\">Sample collection in the clinic or at home<\/h3>\t\t\t\t<\/div>\n\t\t\t\t<div class=\"elementor-element elementor-element-6d0ae23 elementor-widget elementor-widget-text-editor\" data-id=\"6d0ae23\" data-element_type=\"widget\" data-e-type=\"widget\" data-widget_type=\"text-editor.default\">\n\t\t\t\t\t\t\t\t\t<p>The GutOx Stress Test is designed to be simple and user-friendly. As with the P88, samples can be collected either directly in the clinic or comfortably at home by the patient.<\/p>\t\t\t\t\t\t\t\t<\/div>\n\t\t\t\t<div class=\"elementor-element elementor-element-10998a8 elementor-widget elementor-widget-heading\" data-id=\"10998a8\" data-element_type=\"widget\" data-e-type=\"widget\" data-widget_type=\"heading.default\">\n\t\t\t\t\t<h4 class=\"elementor-heading-title elementor-size-default\"><a href=\"\/wp-content\/uploads\/2026\/02\/Anleitung-GutOx-FINAL-en.pdf\" target=\"_blank\"><u>Click here for instructions on sampling<\/u><\/a><\/h4>\t\t\t\t<\/div>\n\t\t\t\t<\/div>\n\t\t<div class=\"elementor-element elementor-element-b2b27ac e-con-full e-flex e-con e-child\" data-id=\"b2b27ac\" data-element_type=\"container\" data-e-type=\"container\">\n\t\t\t\t<div class=\"elementor-element elementor-element-edd98c8 elementor-widget elementor-widget-image\" data-id=\"edd98c8\" data-element_type=\"widget\" data-e-type=\"widget\" data-widget_type=\"image.default\">\n\t\t\t\t\t\t\t\t\t\t\t\t\t\t\t<img decoding=\"async\" width=\"500\" height=\"500\" src=\"https:\/\/theradura-diagnostik.com\/wp-content\/uploads\/2026\/04\/Gemini_Generated_Image_ghqfnfghqfnfghqf-removebg-preview.png\" class=\"attachment-large size-large wp-image-2025\" alt=\"\" srcset=\"https:\/\/theradura-diagnostik.com\/wp-content\/uploads\/2026\/04\/Gemini_Generated_Image_ghqfnfghqfnfghqf-removebg-preview.png 500w, https:\/\/theradura-diagnostik.com\/wp-content\/uploads\/2026\/04\/Gemini_Generated_Image_ghqfnfghqfnfghqf-removebg-preview-300x300.png 300w, https:\/\/theradura-diagnostik.com\/wp-content\/uploads\/2026\/04\/Gemini_Generated_Image_ghqfnfghqfnfghqf-removebg-preview-150x150.png 150w, https:\/\/theradura-diagnostik.com\/wp-content\/uploads\/2026\/04\/Gemini_Generated_Image_ghqfnfghqfnfghqf-removebg-preview-12x12.png 12w\" sizes=\"(max-width: 500px) 100vw, 500px\" \/>\t\t\t\t\t\t\t\t\t\t\t\t\t\t\t<\/div>\n\t\t\t\t<\/div>\n\t\t\t\t\t<\/div>\n\t\t\t\t<\/div>\n\t\t\t\t<\/div>","protected":false},"excerpt":{"rendered":"<p>Jetzt bestellen! GutOx Stresstest Wo Darmgesundheit auf Zellschutz trifft GutOx-Stresstest Wo Darmgesundheit auf Zellschutz trifft Oxidativen Stress und Darmbarriere Ein funktioneller Test f\u00fcr komplexe Darmbelastungen. Oxidativer Stress und Darmbarrierest\u00f6rungen k\u00f6nnen\u00a0das Risiko f\u00fcr zahlreiche Erkrankungen erh\u00f6hen. Die Kombination ausgew\u00e4hlter Marker gibt wichtige Hinweise auf erh\u00f6hte Darmpermeabilit\u00e4t, stille Enz\u00fcndungen und das oxidative Gleichgewicht. Ein Test f\u00fcr differenzierte [&hellip;]<\/p>\n","protected":false},"author":1,"featured_media":0,"parent":0,"menu_order":0,"comment_status":"closed","ping_status":"closed","template":"","meta":{"footnotes":""},"class_list":["post-1151","page","type-page","status-publish","hentry"],"_links":{"self":[{"href":"https:\/\/theradura-diagnostik.com\/en\/wp-json\/wp\/v2\/pages\/1151","targetHints":{"allow":["GET"]}}],"collection":[{"href":"https:\/\/theradura-diagnostik.com\/en\/wp-json\/wp\/v2\/pages"}],"about":[{"href":"https:\/\/theradura-diagnostik.com\/en\/wp-json\/wp\/v2\/types\/page"}],"author":[{"embeddable":true,"href":"https:\/\/theradura-diagnostik.com\/en\/wp-json\/wp\/v2\/users\/1"}],"replies":[{"embeddable":true,"href":"https:\/\/theradura-diagnostik.com\/en\/wp-json\/wp\/v2\/comments?post=1151"}],"version-history":[{"count":125,"href":"https:\/\/theradura-diagnostik.com\/en\/wp-json\/wp\/v2\/pages\/1151\/revisions"}],"predecessor-version":[{"id":2067,"href":"https:\/\/theradura-diagnostik.com\/en\/wp-json\/wp\/v2\/pages\/1151\/revisions\/2067"}],"wp:attachment":[{"href":"https:\/\/theradura-diagnostik.com\/en\/wp-json\/wp\/v2\/media?parent=1151"}],"curies":[{"name":"wp","href":"https:\/\/api.w.org\/{rel}","templated":true}]}}